{"id":9518,"date":"2021-01-08T12:27:40","date_gmt":"2021-01-08T03:27:40","guid":{"rendered":"https:\/\/de.meviy.misumi-ec.com\/help\/technical_info-de\/%ef%bc%bbmechanische-teile%ef%bc%bdbearbeitete-platten-gefraeste-platten\/"},"modified":"2025-11-26T22:52:37","modified_gmt":"2025-11-26T13:52:37","slug":"mpb-de","status":"publish","type":"page","link":"https:\/\/de.meviy.misumi-ec.com\/help\/de\/technical_info-de\/mpb-de\/","title":{"rendered":"CNC Fr\u00e4sen"},"content":{"rendered":"\t\t<div data-elementor-type=\"wp-page\" data-elementor-id=\"9518\" class=\"elementor elementor-9518 elementor-9510\">\n\t\t\t\t\t\t<section class=\"elementor-section elementor-inner-section elementor-element elementor-element-0e38289 elementor-section-height-default elementor-section-boxed elementor-section-height-default\" data-id=\"0e38289\" data-element_type=\"section\" data-e-type=\"section\">\n\t\t\t\t\t\t<div class=\"elementor-container elementor-column-gap-default\">\n\t\t\t\t\t<div class=\"elementor-column elementor-col-100 elementor-top-column elementor-element elementor-element-8e84dca\" data-id=\"8e84dca\" data-element_type=\"column\" data-e-type=\"column\">\n\t\t\t<div class=\"elementor-widget-wrap elementor-element-populated\">\n\t\t\t\t\t\t<div class=\"elementor-element elementor-element-eae96ed elementor-widget elementor-widget-text-editor\" data-id=\"eae96ed\" data-element_type=\"widget\" data-e-type=\"widget\" data-widget_type=\"text-editor.default\">\n\t\t\t\t<div class=\"elementor-widget-container\">\n\t\t\t\t\t\t\t\t\t<p>Der Schneidservice ist ein standardisierter Service f\u00fcr Teile, die mit einer dreiachsigen Fr\u00e4smaschine bearbeitet werden k\u00f6nnen.<br \/>Sie k\u00f6nnen automatische Angebote f\u00fcr maschinell bearbeitete Teile erhalten, indem Sie einfach 3D-CAD-Daten hochladen.<\/p>\t\t\t\t\t\t\t\t<\/div>\n\t\t\t\t<\/div>\n\t\t\t\t\t<\/div>\n\t\t<\/div>\n\t\t\t\t\t<\/div>\n\t\t<\/section>\n\t\t\t\t<section class=\"elementor-section elementor-inner-section elementor-element elementor-element-35711ea elementor-section-height-default elementor-section-boxed elementor-section-height-default\" data-id=\"35711ea\" data-element_type=\"section\" data-e-type=\"section\">\n\t\t\t\t\t\t<div class=\"elementor-container elementor-column-gap-default\">\n\t\t\t\t\t<div class=\"elementor-column elementor-col-100 elementor-top-column elementor-element elementor-element-32df15d\" data-id=\"32df15d\" data-element_type=\"column\" data-e-type=\"column\">\n\t\t\t<div class=\"elementor-widget-wrap elementor-element-populated\">\n\t\t\t\t\t\t<div class=\"elementor-element elementor-element-370c966 elementor-widget elementor-widget-heading\" data-id=\"370c966\" data-element_type=\"widget\" data-e-type=\"widget\" data-widget_type=\"heading.default\">\n\t\t\t\t<div class=\"elementor-widget-container\">\n\t\t\t\t\t<h2 class=\"elementor-heading-title elementor-size-default\">Materialien und Oberfl\u00e4chenbehandlungen\n<\/h2>\t\t\t\t<\/div>\n\t\t\t\t<\/div>\n\t\t\t\t<div class=\"elementor-element elementor-element-62b090c elementor-widget elementor-widget-text-editor\" data-id=\"62b090c\" data-element_type=\"widget\" data-e-type=\"widget\" data-widget_type=\"text-editor.default\">\n\t\t\t\t<div class=\"elementor-widget-container\">\n\t\t\t\t\t\t\t\t\tKlicken Sie <a href=\"https:\/\/de.meviy.misumi-ec.com\/help\/de\/technical_info-de-c\/mpb_shape-material-de-c\/10518\/\">hier<\/a> f\u00fcr alle Gr\u00f6\u00dfen und Ma\u00dfe.\t\t\t\t\t\t\t\t<\/div>\n\t\t\t\t<\/div>\n\t\t\t\t<div class=\"elementor-element elementor-element-e34aab6 tblBasic elementor-widget elementor-widget-text-editor\" data-id=\"e34aab6\" data-element_type=\"widget\" data-e-type=\"widget\" data-widget_type=\"text-editor.default\">\n\t\t\t\t<div class=\"elementor-widget-container\">\n\t\t\t\t\t\t\t\t\t<div class=\"print_block\"><div class=\"tableStickyHead\"><table class=\"tableHover_single\"><thead><tr style=\"height: 50px;\"><th style=\"width: 65%;\" colspan=\"2\">Material<\/th><th style=\"width: 35%;\">Oberfl\u00e4chenbehandlung<\/th><\/tr><\/thead><\/table><\/div><table class=\"tableHover_single mT0\"><tbody><tr style=\"height: 150px;\"><th style=\"width: 32.5%;\">Stahl<\/th><td style=\"width: 32.5%;\">EN 1.0038 equiv.<br \/>EN 1.0038 equiv. (Flachstange)<br \/>EN 1.0038 equiv. (gegl\u00fchter Werkstoff) <br \/>EN 1.1206 equiv.**<br \/>EN 1.1206 equiv. (20-34 HRC) *<br \/>EN 1.7220 equiv. (26-32 HRC)**<br \/>EN 1.1191 equiv. (Flachstange)<br \/>EN 1.1191 equiv. **<br \/>EN 1.2510 equiv.<br \/>EN 1.1545 equiv.<\/td><td style=\"width: 35%;\"><p style=\"text-align: center;\">Unbehandelt<br \/>Br\u00fcniert<br \/>Chemisch vernickelt<br \/>Hartverchromt<br \/>Chromatiert, III-wertig (klar, schwarz)<br \/>LTBC-Beschichtung<br \/>Phosphatieren (Mangan)<br \/>Nitrieren<\/p><\/td><\/tr><tr style=\"height: 150px;\"><th>Verg\u00fcteter Stahl<\/th><td>NAK55 equiv.<br \/>EN 1.2379 equiv.**<br \/>DC53 \u00ae (Daido)**<\/td><td><p style=\"text-align: center;\">&#8211;<\/p><\/td><\/tr><tr style=\"height: 150px;\"><th>Aluminium<\/th><td>EN AW-2017 equiv.<br \/>EN AW-5052 equiv.<br \/>EN AW-5083 equiv.<br \/>EN AW-6061 equiv.<br \/>EN AW-6063 equiv. (Flachstange)<br \/>EN AW-7075 equiv.<\/td><td><p style=\"text-align: center;\">Eloxiert (klar, schwarz, mattschwarz, rot, gold)<br \/>Harteloxiert (klar, matt)<br \/>Chemisch vernickelt<\/p><\/td><\/tr><tr style=\"height: 150px;\"><th>Edelstahl<\/th><td>EN 1.4305 equiv.<br \/>EN 1.4305 equiv. (gegl\u00fchter Werkstoff)<br \/>EN 1.4301 equiv.<br \/>EN 1.4301 equiv. (gegl\u00fchter Werkstoff)<br \/>EN 1.4401 equiv.<br \/>EN 1.4016 equiv.<br \/>EN 1.4404 equiv.<\/td><td><p style=\"text-align: center;\">&#8211;<\/p><\/td><\/tr><tr style=\"height: 150px;\"><th>Kunststoff<\/th><td>POM (Acetal, Standard, wei\u00df)<br \/>POM (Acetal, Standard, schwarz)<br \/>MC Nylon (Standard, blau)<br \/>MC Nylon (Standard, elfenbeinfarben)<br \/>MC Nylon (Leitf\u00e4hig, schwarz)<br \/>MC Nylon (Antistatisch, schwarz)<br \/>MC Nylon (Wetterbest\u00e4ndig, schwarze Asche)<br \/>Bakelit (Papierbasis, naturfarben)<br \/>Bakelit (Papierbasis, schwarz)<br \/>Bakelit (Textilbasis, naturfarben)<br \/>Fluor (PTFE, Standard, wei\u00df)<br \/>UHMWPE (Standard, wei\u00df)<br \/>UHMWPE (Leitf\u00e4hig, schwarz)<br \/>ABS (Standard, naturfarben)<br \/>PEEK (Standard, grau-braun)<br \/>PP (Standard, wei\u00df)<br \/>PET (GFK, braun)<br \/>PPS (Standard, naturfarben)<\/td><td><p style=\"text-align: center;\">&#8211;<\/p><\/td><\/tr><tr style=\"height: 100px; background-color: #f5f5f5;\"><th style=\"width: 26%; text-align: center;\">Kupfer &amp; Messing<\/th><td style=\"width: 28%; text-align: center; background-color: #ffffff;\">EN CW004A equiv. (sauerstofffrei)<br \/>EN CW008A equiv. (ETP)<br \/>EN CW509L equiv. (Messing)<br \/>EN CW614N equiv.<\/td><td style=\"width: 46%; text-align: center; background-color: #ffffff;\">&#8211;<\/td><\/tr><\/tbody><\/table><\/div>\t\t\t\t\t\t\t\t<\/div>\n\t\t\t\t<\/div>\n\t\t\t\t<div class=\"elementor-element elementor-element-162d612 elementor-widget elementor-widget-text-editor\" data-id=\"162d612\" data-element_type=\"widget\" data-e-type=\"widget\" data-widget_type=\"text-editor.default\">\n\t\t\t\t<div class=\"elementor-widget-container\">\n\t\t\t\t\t\t\t\t\t*Referenzwert<br>\n** Verf\u00fcgbar f\u00fcr W\u00e4rmebehandlung\t\t\t\t\t\t\t\t<\/div>\n\t\t\t\t<\/div>\n\t\t\t\t<div class=\"elementor-element elementor-element-b9497c9 elementor-widget elementor-widget-text-editor\" data-id=\"b9497c9\" data-element_type=\"widget\" data-e-type=\"widget\" data-widget_type=\"text-editor.default\">\n\t\t\t\t<div class=\"elementor-widget-container\">\n\t\t\t\t\t\t\t\t\tKlicken Sie <a href=\"https:\/\/de.meviy.misumi-ec.com\/help\/de\/technical_info-de-c\/mpb_shape-material-de-c\/58531\/\">hier<\/a> f\u00fcr weitere Informationen zu mechanischen Eigenschaften wie Zugfestigkeit, Streckgrenze und weiteren Werten.<br>\nKlicken Sie <a href=\"https:\/\/de.meviy.misumi-ec.com\/help\/de\/technical_info-de-c\/mpb_shape-material-de-c\/36089\/\">hier<\/a> f\u00fcr weitere Details \u00fcber die Materialstandards.\n\t\t\t\t\t\t\t\t<\/div>\n\t\t\t\t<\/div>\n\t\t\t\t\t<\/div>\n\t\t<\/div>\n\t\t\t\t\t<\/div>\n\t\t<\/section>\n\t\t\t\t<section class=\"elementor-section elementor-inner-section elementor-element elementor-element-112cf97 elementor-section-height-default elementor-section-boxed elementor-section-height-default\" data-id=\"112cf97\" data-element_type=\"section\" data-e-type=\"section\">\n\t\t\t\t\t\t<div class=\"elementor-container elementor-column-gap-default\">\n\t\t\t\t\t<div class=\"elementor-column elementor-col-100 elementor-top-column elementor-element elementor-element-06d2455\" data-id=\"06d2455\" data-element_type=\"column\" data-e-type=\"column\">\n\t\t\t<div class=\"elementor-widget-wrap elementor-element-populated\">\n\t\t\t\t\t\t<div class=\"elementor-element elementor-element-a38c2f6 elementor-widget elementor-widget-heading\" data-id=\"a38c2f6\" data-element_type=\"widget\" data-e-type=\"widget\" data-widget_type=\"heading.default\">\n\t\t\t\t<div class=\"elementor-widget-container\">\n\t\t\t\t\t<h2 class=\"elementor-heading-title elementor-size-default\">Genauigkeit Standard\n<\/h2>\t\t\t\t<\/div>\n\t\t\t\t<\/div>\n\t\t\t\t<div class=\"elementor-element elementor-element-58399df tblBasic elementor-widget elementor-widget-text-editor\" data-id=\"58399df\" data-element_type=\"widget\" data-e-type=\"widget\" data-widget_type=\"text-editor.default\">\n\t\t\t\t<div class=\"elementor-widget-container\">\n\t\t\t\t\t\t\t\t\t<table class=\"tableHover_single\" style=\"width: 100%;\">\n<tbody>\n<tr>\n<th width=\"30%\">Allgemeine Toleranzen<\/th>\n<td>Standardprodukte entsprechen JIS B 0405:1991\/JIS B 0419:1991. <br>\nInternational Economy-Produkte entsprechen den Normen JIS B 0405:1991\/JIS B 0419:1991 oder GB\/T 1804-2000\/GB\/T 1184-1995.<br>\nToleranzklasse: Mittel (m)<\/td>\n<\/tr>\n<tr>\n<th>Ma\u00dftoleranzen<\/th>\n<td>\u00b1 0,01 oder mehr<\/td>\n<\/tr>\n<tr>\n<th>Toleranzklasse<\/th>\n<td>Klasse IT6 oder h\u00f6her<\/td>\n<\/tr>\n<tr>\n<th>Geometrische Toleranzen<\/th>\n<td>Ebenheit \/ Rechtwinkligkeit \/ Parallelit\u00e4t (0,02\/100mm)<\/td>\n<\/tr>\n<tr>\n<th>Oberfl\u00e4chenrauheit<\/th>\n<td>Ra 0.4, 0.8, 1.6, 3.2, 6.3<\/td>\n<\/tr>\n<\/tbody>\n<\/table>\t\t\t\t\t\t\t\t<\/div>\n\t\t\t\t<\/div>\n\t\t\t\t<div class=\"elementor-element elementor-element-aca996a elementor-widget elementor-widget-text-editor\" data-id=\"aca996a\" data-element_type=\"widget\" data-e-type=\"widget\" data-widget_type=\"text-editor.default\">\n\t\t\t\t<div class=\"elementor-widget-container\">\n\t\t\t\t\t\t\t\t\tEinheit: mm<br>\n*L\u00e4ngenma\u00df ohne Fase.<br>\n<br>\nKlicken Sie <a href=\"https:\/\/de.meviy.misumi-ec.com\/help\/de\/technical_info-de-c\/mpb_conditions-de-c\/10530\/\">hier<\/a> f\u00fcr eine detaillierte \u00dcbersicht der Standardtoleranzen f\u00fcr Fr\u00e4steile.\n\t\t\t\t\t\t\t\t<\/div>\n\t\t\t\t<\/div>\n\t\t\t\t\t<\/div>\n\t\t<\/div>\n\t\t\t\t\t<\/div>\n\t\t<\/section>\n\t\t\t\t<section class=\"elementor-section elementor-inner-section elementor-element elementor-element-a50132a elementor-section-height-default elementor-section-boxed elementor-section-height-default\" data-id=\"a50132a\" data-element_type=\"section\" data-e-type=\"section\">\n\t\t\t\t\t\t<div class=\"elementor-container elementor-column-gap-default\">\n\t\t\t\t\t<div class=\"elementor-column elementor-col-100 elementor-top-column elementor-element elementor-element-68c1e0c\" data-id=\"68c1e0c\" data-element_type=\"column\" data-e-type=\"column\">\n\t\t\t<div class=\"elementor-widget-wrap elementor-element-populated\">\n\t\t\t\t\t\t<div class=\"elementor-element elementor-element-2c696dc elementor-widget elementor-widget-heading\" data-id=\"2c696dc\" data-element_type=\"widget\" data-e-type=\"widget\" data-widget_type=\"heading.default\">\n\t\t\t\t<div class=\"elementor-widget-container\">\n\t\t\t\t\t<h5 class=\"elementor-heading-title elementor-size-default\">Allgemeine Standardtoleranzen<\/h5>\t\t\t\t<\/div>\n\t\t\t\t<\/div>\n\t\t\t\t\t<\/div>\n\t\t<\/div>\n\t\t\t\t\t<\/div>\n\t\t<\/section>\n\t\t\t\t<section class=\"elementor-section elementor-inner-section elementor-element elementor-element-5b6b8c3 elementor-section-height-default elementor-section-boxed elementor-section-height-default\" data-id=\"5b6b8c3\" data-element_type=\"section\" data-e-type=\"section\">\n\t\t\t\t\t\t<div class=\"elementor-container elementor-column-gap-no\">\n\t\t\t\t\t<div class=\"elementor-column elementor-col-33 elementor-top-column elementor-element elementor-element-f1ce4b0\" data-id=\"f1ce4b0\" data-element_type=\"column\" data-e-type=\"column\">\n\t\t\t<div class=\"elementor-widget-wrap elementor-element-populated\">\n\t\t\t\t\t\t<div class=\"elementor-element elementor-element-a34d3e1 elementor-widget__width-initial elementor-widget elementor-widget-image\" data-id=\"a34d3e1\" data-element_type=\"widget\" data-e-type=\"widget\" data-widget_type=\"image.default\">\n\t\t\t\t<div class=\"elementor-widget-container\">\n\t\t\t\t\t\t\t\t\t\t\t\t\t\t\t<img fetchpriority=\"high\" decoding=\"async\" width=\"1071\" height=\"715\" src=\"https:\/\/de.meviy.misumi-ec.com\/help\/wp-content\/uploads\/2025\/01\/TI-Frasteil-sample.png\" class=\"attachment-full size-full wp-image-37408\" alt=\"\" srcset=\"https:\/\/de.meviy.misumi-ec.com\/help\/wp-content\/uploads\/2025\/01\/TI-Frasteil-sample.png 1071w, https:\/\/de.meviy.misumi-ec.com\/help\/wp-content\/uploads\/2025\/01\/TI-Frasteil-sample-300x200.png 300w, https:\/\/de.meviy.misumi-ec.com\/help\/wp-content\/uploads\/2025\/01\/TI-Frasteil-sample-1024x684.png 1024w, https:\/\/de.meviy.misumi-ec.com\/help\/wp-content\/uploads\/2025\/01\/TI-Frasteil-sample-768x513.png 768w\" sizes=\"(max-width: 1071px) 100vw, 1071px\" \/>\t\t\t\t\t\t\t\t\t\t\t\t\t\t\t<\/div>\n\t\t\t\t<\/div>\n\t\t\t\t\t<\/div>\n\t\t<\/div>\n\t\t\t\t<div class=\"elementor-column elementor-col-66 elementor-top-column elementor-element elementor-element-fa42db5\" data-id=\"fa42db5\" data-element_type=\"column\" data-e-type=\"column\">\n\t\t\t<div class=\"elementor-widget-wrap elementor-element-populated\">\n\t\t\t\t\t\t<div class=\"elementor-element elementor-element-c1a6073 elementor-widget elementor-widget-text-editor\" data-id=\"c1a6073\" data-element_type=\"widget\" data-e-type=\"widget\" data-widget_type=\"text-editor.default\">\n\t\t\t\t<div class=\"elementor-widget-container\">\n\t\t\t\t\t\t\t\t\tJe nach Werkstoff und Dicke kann die Oberfl\u00e4che unbehandelt bleiben.<br>\n <br>\n\u00b7 Ma\u00dftoleranzen ohne Fasen, sofern nicht anders angegeben: JIS B 0405 mittel (m)<br>\n\u00b7 Ma\u00dftoleranzen der Fasen, sofern nicht anders angegeben: JIS B 0405 grob (c)<br>\n\u00b7 Modelle mit Innenecken von weniger als oder gleich 0,5 werden mit C0,1 mm bis 0,5 oder weniger bearbeitet<br>\n\u00b7 Modelle mit Au\u00dfenecken von R0,5 oder niedriger werden mit R0,5 oder weniger bearbeitet<br>\n\u00b7 Toleranzen f\u00fcr Modellma\u00dfe, ausgenommen Fasen:JIS B 0419 K<br>\n\u00b7 Oberfl\u00e4chenrauheit, sofern nicht anders angegeben: \u221aRa6,3 [\u221aRz25]\t\t\t\t\t\t\t\t<\/div>\n\t\t\t\t<\/div>\n\t\t\t\t\t<\/div>\n\t\t<\/div>\n\t\t\t\t\t<\/div>\n\t\t<\/section>\n\t\t\t\t<section class=\"elementor-section elementor-inner-section elementor-element elementor-element-34c4a01 elementor-section-height-default elementor-section-boxed elementor-section-height-default\" data-id=\"34c4a01\" data-element_type=\"section\" data-e-type=\"section\">\n\t\t\t\t\t\t<div class=\"elementor-container elementor-column-gap-default\">\n\t\t\t\t\t<div class=\"elementor-column elementor-col-50 elementor-inner-column elementor-element elementor-element-efc1023\" data-id=\"efc1023\" data-element_type=\"column\" data-e-type=\"column\">\n\t\t\t<div class=\"elementor-widget-wrap elementor-element-populated\">\n\t\t\t\t\t\t<div class=\"elementor-element elementor-element-7e0e754 elementor-widget elementor-widget-heading\" data-id=\"7e0e754\" data-element_type=\"widget\" data-e-type=\"widget\" data-widget_type=\"heading.default\">\n\t\t\t\t<div class=\"elementor-widget-container\">\n\t\t\t\t\t<h2 class=\"elementor-heading-title elementor-size-default\">Gr\u00f6\u00dfe<\/h2>\t\t\t\t<\/div>\n\t\t\t\t<\/div>\n\t\t\t\t<div class=\"elementor-element elementor-element-505cf58 elementor-widget elementor-widget-image\" data-id=\"505cf58\" data-element_type=\"widget\" data-e-type=\"widget\" data-widget_type=\"image.default\">\n\t\t\t\t<div class=\"elementor-widget-container\">\n\t\t\t\t\t\t\t\t\t\t\t\t\t\t\t<img decoding=\"async\" src=\"https:\/\/de.meviy.misumi-ec.com\/help\/wp-content\/uploads\/2025\/11\/block-base-plate-GER-1024x640.png\" title=\"\" alt=\"\" loading=\"lazy\" \/>\t\t\t\t\t\t\t\t\t\t\t\t\t\t\t<\/div>\n\t\t\t\t<\/div>\n\t\t\t\t\t<\/div>\n\t\t<\/div>\n\t\t\t\t<div class=\"elementor-column elementor-col-50 elementor-top-column elementor-element elementor-element-6fe4448\" data-id=\"6fe4448\" data-element_type=\"column\" data-e-type=\"column\">\n\t\t\t<div class=\"elementor-widget-wrap elementor-element-populated\">\n\t\t\t\t\t\t<div class=\"elementor-element elementor-element-64a0869 elementor-widget elementor-widget-heading\" data-id=\"64a0869\" data-element_type=\"widget\" data-e-type=\"widget\" data-widget_type=\"heading.default\">\n\t\t\t\t<div class=\"elementor-widget-container\">\n\t\t\t\t\t<h2 class=\"elementor-heading-title elementor-size-default\">Versandtage<\/h2>\t\t\t\t<\/div>\n\t\t\t\t<\/div>\n\t\t\t\t<div class=\"elementor-element elementor-element-bddcd50 tblBasic elementor-widget elementor-widget-text-editor\" data-id=\"bddcd50\" data-element_type=\"widget\" data-e-type=\"widget\" data-widget_type=\"text-editor.default\">\n\t\t\t\t<div class=\"elementor-widget-container\">\n\t\t\t\t\t\t\t\t\t<table class=\"tableHover\" style=\"width: 100%;\">\n<tbody>\n<tr>\n<th>Produktpalette<\/th>\n<th>Optionen<\/th>\n<th>Tage<\/th>\n<\/tr>\n<tr>\n<th rowspan=\"3\">Standard<\/th>\n<th>Rapid<\/th>\n<td>ab 7 Tagen<\/td>\n<\/tr>\n<tr>\n<th>Express<\/th>\n<td>ab 9 Tagen<\/td>\n<\/tr>\n<tr>\n<th>Standard<\/th>\n<td>ab 11 Tagen<\/td>\n<\/tr>\n<tr>\n<th colspan=\"2\">International Economy<\/th>\n<td>ab 17 Tagen<\/td>\n<\/tr>\n<\/tbody>\n<\/table>\t\t\t\t\t\t\t\t<\/div>\n\t\t\t\t<\/div>\n\t\t\t\t<div class=\"elementor-element elementor-element-0374fdb elementor-widget elementor-widget-text-editor\" data-id=\"0374fdb\" data-element_type=\"widget\" data-e-type=\"widget\" data-widget_type=\"text-editor.default\">\n\t\t\t\t<div class=\"elementor-widget-container\">\n\t\t\t\t\t\t\t\t\tStandardprodukte: Die Produktpalette entspricht den JIS-Normen.<br>\nInternational Economy-Produkte: Die Produktpalette wird zum niedrigsten Preis angeboten und entspricht dabei den Qualit\u00e4tsstandards von meviy.<br>\nDie Produkte entsprechen den Industrienormen des Herstellungslandes.<br>\n<br>\nKlicken Sie <a href=\"https:\/\/de.meviy.misumi-ec.com\/help\/de\/technical_info-de-c\/mpb_shape-material-de-c\/10519\/\">hier<\/a> f\u00fcr eine detaillierte \u00dcbersicht der Versandoptionen f\u00fcr Fr\u00e4steile.\t\t\t\t\t\t\t\t<\/div>\n\t\t\t\t<\/div>\n\t\t\t\t\t<\/div>\n\t\t<\/div>\n\t\t\t\t\t<\/div>\n\t\t<\/section>\n\t\t\t\t<section class=\"elementor-section elementor-inner-section elementor-element elementor-element-597947c elementor-section-height-default elementor-section-boxed elementor-section-height-default\" data-id=\"597947c\" data-element_type=\"section\" data-e-type=\"section\">\n\t\t\t\t\t\t<div class=\"elementor-container elementor-column-gap-default\">\n\t\t\t\t\t<div class=\"elementor-column elementor-col-100 elementor-top-column elementor-element elementor-element-b929d7c\" data-id=\"b929d7c\" data-element_type=\"column\" data-e-type=\"column\">\n\t\t\t<div class=\"elementor-widget-wrap elementor-element-populated\">\n\t\t\t\t\t\t<div class=\"elementor-element elementor-element-24ede98 elementor-widget elementor-widget-heading\" data-id=\"24ede98\" data-element_type=\"widget\" data-e-type=\"widget\" data-widget_type=\"heading.default\">\n\t\t\t\t<div class=\"elementor-widget-container\">\n\t\t\t\t\t<h2 class=\"elementor-heading-title elementor-size-default\">Weitere Funktionen<\/h2>\t\t\t\t<\/div>\n\t\t\t\t<\/div>\n\t\t\t\t<div class=\"elementor-element elementor-element-449e6db tblBasic elementor-widget elementor-widget-text-editor\" data-id=\"449e6db\" data-element_type=\"widget\" data-e-type=\"widget\" data-widget_type=\"text-editor.default\">\n\t\t\t\t<div class=\"elementor-widget-container\">\n\t\t\t\t\t\t\t\t\t<table class=\"tableHover_single\" style=\"width: 100%;\"><tbody><tr><th width=\"30%\">Gravieren<\/th><td>3 mm \u2013 30 mm, alphanumerische Zeichen + einige Symbole, Teilenummer als Gravur m\u00f6glich<\/td><\/tr><tr><th>W\u00e4rmebehandlung<\/th><td>Konventionelles \/ Vakuumh\u00e4rten (30 \u2013 63 HRC)<\/td><\/tr><tr><th>Gewindebohrungen<\/th><td>M2 \u2013 M36, UNC \/ UNF, konisch, Gewindeeinsatz<\/td><\/tr><\/tbody><\/table>\t\t\t\t\t\t\t\t<\/div>\n\t\t\t\t<\/div>\n\t\t\t\t<div class=\"elementor-element elementor-element-9ca1e9f elementor-widget elementor-widget-text-editor\" data-id=\"9ca1e9f\" data-element_type=\"widget\" data-e-type=\"widget\" data-widget_type=\"text-editor.default\">\n\t\t\t\t<div class=\"elementor-widget-container\">\n\t\t\t\t\t\t\t\t\tWenn f\u00fcr Ihr Bauteil kein automatisches Angebot verf\u00fcgbar ist, k\u00f6nnen Sie beim meviy-Support ein <a href=\"https:\/\/de.meviy.misumi-ec.com\/help\/de\/operation_manual-de-c\/mpb_configuration-de-c\/16892\/\">manuelles Angebot<\/a> anfordern.<br>\n\nWeitere Informationen zur Verwendung von meviy finden Sie <a href=\"https:\/\/de.meviy.misumi-ec.com\/help\/de\/operation_manual-de\/first-de\/\">hier<\/a>.\n\t\t\t\t\t\t\t\t<\/div>\n\t\t\t\t<\/div>\n\t\t\t\t\t<\/div>\n\t\t<\/div>\n\t\t\t\t\t<\/div>\n\t\t<\/section>\n\t\t\t\t<section class=\"elementor-section elementor-inner-section elementor-element elementor-element-79d2c94 elementor-section-height-default elementor-section-boxed elementor-section-height-default\" data-id=\"79d2c94\" data-element_type=\"section\" data-e-type=\"section\">\n\t\t\t\t\t\t<div class=\"elementor-container elementor-column-gap-default\">\n\t\t\t\t\t<div class=\"elementor-column elementor-col-100 elementor-top-column elementor-element elementor-element-a6b7308\" data-id=\"a6b7308\" data-element_type=\"column\" data-e-type=\"column\">\n\t\t\t<div class=\"elementor-widget-wrap elementor-element-populated\">\n\t\t\t\t\t\t<div class=\"elementor-element elementor-element-cb15242 elementor-widget elementor-widget-heading\" data-id=\"cb15242\" data-element_type=\"widget\" data-e-type=\"widget\" data-widget_type=\"heading.default\">\n\t\t\t\t<div class=\"elementor-widget-container\">\n\t\t\t\t\t<h5 class=\"elementor-heading-title elementor-size-default\">Bearbeitungspositionen<\/h5>\t\t\t\t<\/div>\n\t\t\t\t<\/div>\n\t\t\t\t\t<\/div>\n\t\t<\/div>\n\t\t\t\t\t<\/div>\n\t\t<\/section>\n\t\t\t\t<section class=\"elementor-section elementor-inner-section elementor-element elementor-element-e834450 elementor-section-height-default elementor-section-boxed elementor-section-height-default\" data-id=\"e834450\" data-element_type=\"section\" data-e-type=\"section\">\n\t\t\t\t\t\t<div class=\"elementor-container elementor-column-gap-no\">\n\t\t\t\t\t<div class=\"elementor-column elementor-col-33 elementor-top-column elementor-element elementor-element-80120f4\" data-id=\"80120f4\" data-element_type=\"column\" data-e-type=\"column\">\n\t\t\t<div class=\"elementor-widget-wrap elementor-element-populated\">\n\t\t\t\t\t\t<div class=\"elementor-element elementor-element-290ef88 elementor-widget elementor-widget-image\" data-id=\"290ef88\" data-element_type=\"widget\" data-e-type=\"widget\" data-widget_type=\"image.default\">\n\t\t\t\t<div class=\"elementor-widget-container\">\n\t\t\t\t\t\t\t\t\t\t\t\t\t\t\t<img decoding=\"async\" src=\"https:\/\/de.meviy.misumi-ec.com\/help\/wp-content\/uploads\/2025\/11\/mpb_02_CMN_A-768x299.png\" title=\"\" alt=\"\" loading=\"lazy\" \/>\t\t\t\t\t\t\t\t\t\t\t\t\t\t\t<\/div>\n\t\t\t\t<\/div>\n\t\t\t\t\t<\/div>\n\t\t<\/div>\n\t\t\t\t<div class=\"elementor-column elementor-col-66 elementor-top-column elementor-element elementor-element-1c09956\" data-id=\"1c09956\" data-element_type=\"column\" data-e-type=\"column\">\n\t\t\t<div class=\"elementor-widget-wrap elementor-element-populated\">\n\t\t\t\t\t\t<div class=\"elementor-element elementor-element-26856e2 elementor-widget elementor-widget-text-editor\" data-id=\"26856e2\" data-element_type=\"widget\" data-e-type=\"widget\" data-widget_type=\"text-editor.default\">\n\t\t\t\t<div class=\"elementor-widget-container\">\n\t\t\t\t\t\t\t\t\t<ul><li>Die Bearbeitung ist in sechs Richtungen senkrecht\/parallel zur Werkstofffl\u00e4che des rechteckigen K\u00f6rpers m\u00f6glich, sowie die Bearbeitung von schr\u00e4gen Bohrungen.<\/li><li>\u00a0<\/li><li><a href=\"\/help\/de\/technical_info-de-c\/mpb_shape-material-de-c\/10517\/\">Bearbeitungspositionen<\/a><\/li><\/ul>\t\t\t\t\t\t\t\t<\/div>\n\t\t\t\t<\/div>\n\t\t\t\t\t<\/div>\n\t\t<\/div>\n\t\t\t\t\t<\/div>\n\t\t<\/section>\n\t\t\t\t<\/div>\n\t\t","protected":false},"excerpt":{"rendered":"<p>Der Schneidservice ist ein standardisierter Service f\u00fcr Teile, die mit einer dreiachsigen Fr\u00e4smaschine bearbeitet werden k\u00f6nnen.Sie k\u00f6nnen automatische Angebote f\u00fcr maschinell bearbeitete Teile erhalten, indem Sie einfach 3D-CAD-Daten hochladen. Materialien und Oberfl\u00e4chenbehandlungen Klicken Sie hier f\u00fcr alle Gr\u00f6\u00dfen und Ma\u00dfe. Material Oberfl\u00e4chenbehandlung Stahl EN 1.0038 equiv.EN 1.0038 equiv. (Flachstange)EN 1.0038 equiv. (gegl\u00fchter Werkstoff) EN 1.1206 equiv.**EN 1.1206 equiv. (20-34 HRC) *EN 1.7220 equiv. (26-32 HRC)**EN 1.1191 equiv. (Flachstange)EN 1.1191 equiv. **EN 1.2510 equiv.EN 1.1545 equiv. UnbehandeltBr\u00fcniertChemisch vernickeltHartverchromtChromatiert, III-wertig (klar, schwarz)LTBC-BeschichtungPhosphatieren (Mangan)Nitrieren Verg\u00fcteter Stahl NAK55 equiv.EN 1.2379 equiv.**DC53 \u00ae (Daido)** &#8211; Aluminium EN AW-2017 equiv.EN AW-5052 equiv.EN AW-5083 equiv.EN AW-6061 equiv.EN AW-6063 equiv. (Flachstange)EN AW-7075 equiv. Eloxiert (klar, schwarz, mattschwarz, rot, [&hellip;]<\/p>\n","protected":false},"author":15,"featured_media":0,"parent":9498,"menu_order":0,"comment_status":"closed","ping_status":"closed","template":"page_technical_info.php","meta":{"footnotes":""},"class_list":["post-9518","page","type-page","status-publish","hentry"],"_links":{"self":[{"href":"https:\/\/de.meviy.misumi-ec.com\/help\/de\/wp-json\/wp\/v2\/pages\/9518","targetHints":{"allow":["GET"]}}],"collection":[{"href":"https:\/\/de.meviy.misumi-ec.com\/help\/de\/wp-json\/wp\/v2\/pages"}],"about":[{"href":"https:\/\/de.meviy.misumi-ec.com\/help\/de\/wp-json\/wp\/v2\/types\/page"}],"author":[{"embeddable":true,"href":"https:\/\/de.meviy.misumi-ec.com\/help\/de\/wp-json\/wp\/v2\/users\/15"}],"replies":[{"embeddable":true,"href":"https:\/\/de.meviy.misumi-ec.com\/help\/de\/wp-json\/wp\/v2\/comments?post=9518"}],"version-history":[{"count":41,"href":"https:\/\/de.meviy.misumi-ec.com\/help\/de\/wp-json\/wp\/v2\/pages\/9518\/revisions"}],"predecessor-version":[{"id":87187,"href":"https:\/\/de.meviy.misumi-ec.com\/help\/de\/wp-json\/wp\/v2\/pages\/9518\/revisions\/87187"}],"up":[{"embeddable":true,"href":"https:\/\/de.meviy.misumi-ec.com\/help\/de\/wp-json\/wp\/v2\/pages\/9498"}],"wp:attachment":[{"href":"https:\/\/de.meviy.misumi-ec.com\/help\/de\/wp-json\/wp\/v2\/media?parent=9518"}],"curies":[{"name":"wp","href":"https:\/\/api.w.org\/{rel}","templated":true}]}}