{"id":40055,"date":"2021-01-08T12:27:01","date_gmt":"2021-01-08T03:27:01","guid":{"rendered":"https:\/\/de.meviy.misumi-ec.com\/help\/mpb-en\/"},"modified":"2025-11-26T22:54:46","modified_gmt":"2025-11-26T13:54:46","slug":"mpb-es","status":"publish","type":"page","link":"https:\/\/de.meviy.misumi-ec.com\/help\/es\/technical_info-es\/mpb-es\/","title":{"rendered":"Fresado CNC"},"content":{"rendered":"\t\t<div data-elementor-type=\"wp-page\" data-elementor-id=\"40055\" class=\"elementor elementor-40055 elementor-9510\">\n\t\t\t\t\t\t<section class=\"elementor-section elementor-inner-section elementor-element elementor-element-1e7e358 elementor-section-height-default elementor-section-boxed elementor-section-height-default\" data-id=\"1e7e358\" data-element_type=\"section\" data-e-type=\"section\">\n\t\t\t\t\t\t<div class=\"elementor-container elementor-column-gap-default\">\n\t\t\t\t\t<div class=\"elementor-column elementor-col-100 elementor-top-column elementor-element elementor-element-c4ea58f\" data-id=\"c4ea58f\" data-element_type=\"column\" data-e-type=\"column\">\n\t\t\t<div class=\"elementor-widget-wrap elementor-element-populated\">\n\t\t\t\t\t\t<div class=\"elementor-element elementor-element-8afe2ca elementor-widget elementor-widget-text-editor\" data-id=\"8afe2ca\" data-element_type=\"widget\" data-e-type=\"widget\" data-widget_type=\"text-editor.default\">\n\t\t\t\t<div class=\"elementor-widget-container\">\n\t\t\t\t\t\t\t\t\t<p>El servicio de corte es un servicio estandarizado para piezas que pueden mecanizarse con una fresadora de tres ejes.<br \/>Puede obtener autom\u00e1ticamente presupuestos para piezas mecanizadas cargando datos CAD en 3D.<\/p>\t\t\t\t\t\t\t\t<\/div>\n\t\t\t\t<\/div>\n\t\t\t\t\t<\/div>\n\t\t<\/div>\n\t\t\t\t\t<\/div>\n\t\t<\/section>\n\t\t\t\t<section class=\"elementor-section elementor-inner-section elementor-element elementor-element-7447ee7 elementor-section-height-default elementor-section-boxed elementor-section-height-default\" data-id=\"7447ee7\" data-element_type=\"section\" data-e-type=\"section\">\n\t\t\t\t\t\t<div class=\"elementor-container elementor-column-gap-default\">\n\t\t\t\t\t<div class=\"elementor-column elementor-col-100 elementor-top-column elementor-element elementor-element-b106349\" data-id=\"b106349\" data-element_type=\"column\" data-e-type=\"column\">\n\t\t\t<div class=\"elementor-widget-wrap elementor-element-populated\">\n\t\t\t\t\t\t<div class=\"elementor-element elementor-element-50c8532 elementor-widget elementor-widget-heading\" data-id=\"50c8532\" data-element_type=\"widget\" data-e-type=\"widget\" data-widget_type=\"heading.default\">\n\t\t\t\t<div class=\"elementor-widget-container\">\n\t\t\t\t\t<h2 class=\"elementor-heading-title elementor-size-default\">Materiales y Tratamientos de Superficies<\/h2>\t\t\t\t<\/div>\n\t\t\t\t<\/div>\n\t\t\t\t<div class=\"elementor-element elementor-element-b9316eb elementor-widget elementor-widget-text-editor\" data-id=\"b9316eb\" data-element_type=\"widget\" data-e-type=\"widget\" data-widget_type=\"text-editor.default\">\n\t\t\t\t<div class=\"elementor-widget-container\">\n\t\t\t\t\t\t\t\t\tHaga clic <a href=\"https:\/\/de.meviy.misumi-ec.com\/help\/es\/technical_info-es-c\/mpb_shape-material-es-c\/40651\/\">aqu\u00ed<\/a> para ver todos los tama\u00f1os y dimensiones.\n\t\t\t\t\t\t\t\t<\/div>\n\t\t\t\t<\/div>\n\t\t\t\t<div class=\"elementor-element elementor-element-fb21e42 tblBasic elementor-widget elementor-widget-text-editor\" data-id=\"fb21e42\" data-element_type=\"widget\" data-e-type=\"widget\" data-widget_type=\"text-editor.default\">\n\t\t\t\t<div class=\"elementor-widget-container\">\n\t\t\t\t\t\t\t\t\t<div class=\"print_block\">\n<div class=\"tableStickyHead\">\n<table class=\"tableHover_single\">\n<thead>\n<tr style=\"height: 50px;\">\n<th style=\"width: 65%;\" colspan=\"2\">Material<\/th>\n<th style=\"width: 35%;\">Tratamiento superficial<\/th>\n<\/tr>\n<\/thead>\n<\/table>\n<\/div>\n<table class=\"tableHover_single mT0\">\n<tbody>\n<tr style=\"height: 150px;\">\n<th style=\"width: 32.5%;\">Acero<\/th>\n<td style=\"width: 32.5%;\">EN 1.0038 equiv.<br>\nEN 1.0038 equiv. (Barra plana)<br>\nEN 1.0038 equiv. (material recocido)<br>\nEN 1.1206 equiv.**<br>\nEN 1.1206 equiv. (20-34 HRC) *<br>\nEN 1.7220 equiv. (26-32 HRC)**<br>\nEN 1.1191 equiv. (Barra plana)<br>\nEN 1.1191 equiv.**<br>\nEN 1.2510 equiv.<br>\nEN 1.1545 equiv.<\/td>\n<td style=\"width: 35%;\">\n<p style=\"text-align: center;\">Sin tratamiento<br>\n\u00d3xido Negro<br>\nNiquelado sin electrodos<br>\nCromado Duro<br>\nCromado trivalente <br>(Transparente, Negro)<br>\nCromado negro para bajas temperaturas<br>\nRecubrimiento de fosfato<br>\nNitruraci\u00f3n<\/p>\n<\/td>\n<\/tr>\n<tr style=\"height: 150px;\">\n<th>Acero preendurecido<\/th>\n<td>NAK55 equiv.<br>\nEN 1.2379 equiv.**<br>\nDC53 \u00ae (Daido)**<\/td>\n<td>\n<p style=\"text-align: center;\">&#8211;<\/p>\n<\/td>\n<\/tr>\n<tr style=\"height: 150px;\">\n<th>Aluminio<\/th>\n<td>EN AW-2017 equiv.<br>\nEN AW-5052 equiv.<br>\nEN AW-5083 equiv.<br>\nEN AW-6061 equiv.<br>\nEN AW-6063 equiv. (Barra plana)<br>\nEN AW-7075 equiv.<\/td>\n<td>\n<p style=\"text-align: center;\">Anodizado (transparente, negro, negro mate, rojo, dorado)<br>\nAnodizado duro (transparente, transparente mate)<br>\nNiquelado sin electrodos<\/p>\n<\/td>\n<\/tr>\n<tr style=\"height: 150px;\">\n<th>Acero inoxidable<\/th>\n<td>EN 1.4305 equiv.<br>\nEN 1.4305 equiv. (Material recocido)<br>\nEN 1.4301 equiv.<br>\nEN 1.4301 equiv. (Material recocido)<br>\nEN 1.4401 equiv.<br>\nEN 1.4016 equiv.<br>\nEN 1.4404 equiv.<\/td>\n<td>\n<p style=\"text-align: center;\">&#8211;<\/p>\n<\/td>\n<\/tr>\n<tr style=\"height: 150px;\">\n<th>Resina<\/th>\n<td>POM (Acetal, est\u00e1ndar, blanco)<br>\nPOM (Acetal, est\u00e1ndar, negro)<br>\nMC Nylon (Est\u00e1ndar, azul)<br>\nMC Nylon (Est\u00e1ndar, marfil)<br>\nMC Nylon (Conductivo, negro)<br>\nMC Nylon (Antiest\u00e1tico, negro)<br>\nMC Nylon (resistente a la intemperie, negra ceniza)<br>\nBaquelita (Papel, color natural)<br>\nBaquelita (Papel, negro)<br>\nBaquelita (tela, natural)<br>\nFl\u00faor (PTFE, est\u00e1ndar, blanco)<br>\nUHMWPE (Est\u00e1ndar, blanco)<br>\nUHMWPE (Conductivo, negro)<br>\nABS (est\u00e1ndar, color natural)<br>\nPEEK (est\u00e1ndar, gris-marr\u00f3n)<br>\nPP (est\u00e1ndar, blanco)<br>\nPET (con relleno de vidrio, marr\u00f3n)<br>\nPPS (est\u00e1ndar, color natural)<\/td>\n<td>\n<p style=\"text-align: center;\">&#8211;<\/p>\n<\/td>\n<\/tr>\n<tr style=\"height: 100px; background-color: #f5f5f5;\">\n<th style=\"width: 26%; text-align: center;\">Cobre y Lat\u00f3n<\/th>\n<td style=\"width: 28%; text-align: center; background-color: #ffffff;\">EN CW004A equiv. (Sin ox\u00edgeno)<br>\nEN CW008A equiv. (ETP)<br>\nEN CW509L equiv. (Lat\u00f3n)<br>\nEN CW614N equiv.<\/td>\n<td style=\"width: 46%; text-align: center; background-color: #ffffff;\">&#8211;<\/td>\n<\/tr>\n<\/tbody>\n<\/table>\n<\/div>\t\t\t\t\t\t\t\t<\/div>\n\t\t\t\t<\/div>\n\t\t\t\t<div class=\"elementor-element elementor-element-c6ed2b0 elementor-widget elementor-widget-text-editor\" data-id=\"c6ed2b0\" data-element_type=\"widget\" data-e-type=\"widget\" data-widget_type=\"text-editor.default\">\n\t\t\t\t<div class=\"elementor-widget-container\">\n\t\t\t\t\t\t\t\t\t*Valor de referencia<br>\n** Disponible para tratamiento t\u00e9rmico\n\t\t\t\t\t\t\t\t<\/div>\n\t\t\t\t<\/div>\n\t\t\t\t<div class=\"elementor-element elementor-element-e0ece7b elementor-widget elementor-widget-text-editor\" data-id=\"e0ece7b\" data-element_type=\"widget\" data-e-type=\"widget\" data-widget_type=\"text-editor.default\">\n\t\t\t\t<div class=\"elementor-widget-container\">\n\t\t\t\t\t\t\t\t\tHaga clic <a href=\"https:\/\/de.meviy.misumi-ec.com\/help\/es\/technical_info-es-c\/mpb_shape-material-es-c\/58547\/\">aqu\u00ed<\/a> para obtener m\u00e1s informaci\u00f3n sobre las propiedades mec\u00e1nicas, como la resistencia a la tracci\u00f3n, el l\u00edmite el\u00e1stico y otros valores. <br>\nHaga clic <a href=\"https:\/\/de.meviy.misumi-ec.com\/help\/es\/technical_info-es-c\/mpb_shape-material-es-c\/40378\/\">aqu\u00ed<\/a> para obtener m\u00e1s detalles sobre los est\u00e1ndares de los materiales.\t\t\t\t\t\t\t\t<\/div>\n\t\t\t\t<\/div>\n\t\t\t\t\t<\/div>\n\t\t<\/div>\n\t\t\t\t\t<\/div>\n\t\t<\/section>\n\t\t\t\t<section class=\"elementor-section elementor-inner-section elementor-element elementor-element-8098574 elementor-section-height-default elementor-section-boxed elementor-section-height-default\" data-id=\"8098574\" data-element_type=\"section\" data-e-type=\"section\">\n\t\t\t\t\t\t<div class=\"elementor-container elementor-column-gap-default\">\n\t\t\t\t\t<div class=\"elementor-column elementor-col-100 elementor-top-column elementor-element elementor-element-834c4fc\" data-id=\"834c4fc\" data-element_type=\"column\" data-e-type=\"column\">\n\t\t\t<div class=\"elementor-widget-wrap elementor-element-populated\">\n\t\t\t\t\t\t<div class=\"elementor-element elementor-element-9a46073 elementor-widget elementor-widget-heading\" data-id=\"9a46073\" data-element_type=\"widget\" data-e-type=\"widget\" data-widget_type=\"heading.default\">\n\t\t\t\t<div class=\"elementor-widget-container\">\n\t\t\t\t\t<h2 class=\"elementor-heading-title elementor-size-default\">Est\u00e1ndares de Precisi\u00f3n<\/h2>\t\t\t\t<\/div>\n\t\t\t\t<\/div>\n\t\t\t\t<div class=\"elementor-element elementor-element-3164c05 tblBasic elementor-widget elementor-widget-text-editor\" data-id=\"3164c05\" data-element_type=\"widget\" data-e-type=\"widget\" data-widget_type=\"text-editor.default\">\n\t\t\t\t<div class=\"elementor-widget-container\">\n\t\t\t\t\t\t\t\t\t<table class=\"tableHover_single\" style=\"width: 100%;\">\n<tbody>\n<tr>\n<th width=\"30%\">Normas generales de tolerancia predeterminadas<\/th>\n<td>Los productos est\u00e1ndar cumplen con las normas JIS B 0405:1991\/JIS B 0419:1991.<br>\nLos productos International Economy pueden cumplir con las normas JIS B 0405:1991\/JIS B 0419:1991 o GB\/T 1804-2000\/GB\/T 1184-1995.<br>\nGrado de tolerancia: Medio (m)<\/td>\n<\/tr>\n<tr>\n<th>Tolerancias dimensionales<\/th>\n<td>\u00b1 0,01 o m\u00e1s<\/td>\n<\/tr>\n<tr>\n<th>Grado de tolerancia<\/th>\n<td>Grado IT6 o superior<\/td>\n<\/tr>\n<tr>\n<th>Tolerancia geom\u00e9trica<\/th>\n<td>Planitud \/ Perpendicularidad \/ Paralelismo (0,02\/100mm)<\/td>\n<\/tr>\n<tr>\n<th>Rugosidad superficial<\/th>\n<td>Ra 0.4, 0.8, 1.6, 3.2, 6.3<\/td>\n<\/tr>\n<\/tbody>\n<\/table>\t\t\t\t\t\t\t\t<\/div>\n\t\t\t\t<\/div>\n\t\t\t\t<div class=\"elementor-element elementor-element-3635af3 elementor-widget elementor-widget-text-editor\" data-id=\"3635af3\" data-element_type=\"widget\" data-e-type=\"widget\" data-widget_type=\"text-editor.default\">\n\t\t\t\t<div class=\"elementor-widget-container\">\n\t\t\t\t\t\t\t\t\tLa unidad es mm cuando no se especifica lo contrario.<br>\n*Dimensiones de longitud sin chafl\u00e1n.<br>\n<br>\nHaga clic <a href=\"https:\/\/de.meviy.misumi-ec.com\/help\/es\/technical_info-es-c\/mpb_conditions-es-c\/40561\/\">aqu\u00ed<\/a> para obtener una descripci\u00f3n detallada de las tolerancias generales de las piezas fresadas.\t\t\t\t\t\t\t\t<\/div>\n\t\t\t\t<\/div>\n\t\t\t\t\t<\/div>\n\t\t<\/div>\n\t\t\t\t\t<\/div>\n\t\t<\/section>\n\t\t\t\t<section class=\"elementor-section elementor-inner-section elementor-element elementor-element-8b66531 elementor-section-height-default elementor-section-boxed elementor-section-height-default\" data-id=\"8b66531\" data-element_type=\"section\" data-e-type=\"section\">\n\t\t\t\t\t\t<div class=\"elementor-container elementor-column-gap-default\">\n\t\t\t\t\t<div class=\"elementor-column elementor-col-100 elementor-top-column elementor-element elementor-element-f8d9008\" data-id=\"f8d9008\" data-element_type=\"column\" data-e-type=\"column\">\n\t\t\t<div class=\"elementor-widget-wrap elementor-element-populated\">\n\t\t\t\t\t\t<div class=\"elementor-element elementor-element-e7878b2 elementor-widget elementor-widget-heading\" data-id=\"e7878b2\" data-element_type=\"widget\" data-e-type=\"widget\" data-widget_type=\"heading.default\">\n\t\t\t\t<div class=\"elementor-widget-container\">\n\t\t\t\t\t<h5 class=\"elementor-heading-title elementor-size-default\">Equipos de procesamiento e Informazioni di base\n<\/h5>\t\t\t\t<\/div>\n\t\t\t\t<\/div>\n\t\t\t\t\t<\/div>\n\t\t<\/div>\n\t\t\t\t\t<\/div>\n\t\t<\/section>\n\t\t\t\t<section class=\"elementor-section elementor-inner-section elementor-element elementor-element-b3bffb5 elementor-section-height-default elementor-section-boxed elementor-section-height-default\" data-id=\"b3bffb5\" data-element_type=\"section\" data-e-type=\"section\">\n\t\t\t\t\t\t<div class=\"elementor-container elementor-column-gap-no\">\n\t\t\t\t\t<div class=\"elementor-column elementor-col-33 elementor-top-column elementor-element elementor-element-f466eb4\" data-id=\"f466eb4\" data-element_type=\"column\" data-e-type=\"column\">\n\t\t\t<div class=\"elementor-widget-wrap elementor-element-populated\">\n\t\t\t\t\t\t<div class=\"elementor-element elementor-element-3eb1d2f elementor-widget elementor-widget-image\" data-id=\"3eb1d2f\" data-element_type=\"widget\" data-e-type=\"widget\" data-widget_type=\"image.default\">\n\t\t\t\t<div class=\"elementor-widget-container\">\n\t\t\t\t\t\t\t\t\t\t\t\t\t\t\t<img decoding=\"async\" src=\"https:\/\/de.meviy.misumi-ec.com\/help\/wp-content\/uploads\/2025\/01\/TI-Frasteil-sample.png\" title=\"\" alt=\"\" loading=\"lazy\" \/>\t\t\t\t\t\t\t\t\t\t\t\t\t\t\t<\/div>\n\t\t\t\t<\/div>\n\t\t\t\t\t<\/div>\n\t\t<\/div>\n\t\t\t\t<div class=\"elementor-column elementor-col-66 elementor-top-column elementor-element elementor-element-5eeb832\" data-id=\"5eeb832\" data-element_type=\"column\" data-e-type=\"column\">\n\t\t\t<div class=\"elementor-widget-wrap elementor-element-populated\">\n\t\t\t\t\t\t<div class=\"elementor-element elementor-element-c49dd74 elementor-widget elementor-widget-text-editor\" data-id=\"c49dd74\" data-element_type=\"widget\" data-e-type=\"widget\" data-widget_type=\"text-editor.default\">\n\t\t\t\t<div class=\"elementor-widget-container\">\n\t\t\t\t\t\t\t\t\tDependiendo del materiale y del grosor, la superficie puede quedar sin tratar.\n<ul class=\"lstBasic\">\n \t<li>Tolerancias dimensionales de longitud sin chafl\u00e1n, salvo que se especifique lo contrario: JIS B 0405 medio (m)<\/li>\n \t<li>Tolerancias dimensionales de chafl\u00e1n, salvo que se especifique lo contrario: JIS B 0405 grueso (c)<\/li>\n \t<li>Los modelos con esquinas internas inferiores o iguales a 0,5 se acaban con C0,1 mm a 0,5 o menos<\/li>\n \t<li>Los modelos con esquinas externas de R0,5 o inferiores se acaban con R0,5 o menos<\/li>\n \t<li>Tolerancias para las dimensiones del modelo, sin incluir el chafl\u00e1n: JIS B 0419 K<\/li>\n \t<li>Rugosidad superficial, si no se especifica lo contrario: \u221aRa6,3 [\u221aRz25]<\/li>\n<\/ul>\t\t\t\t\t\t\t\t<\/div>\n\t\t\t\t<\/div>\n\t\t\t\t\t<\/div>\n\t\t<\/div>\n\t\t\t\t\t<\/div>\n\t\t<\/section>\n\t\t\t\t<section class=\"elementor-section elementor-inner-section elementor-element elementor-element-8b7f102 elementor-section-height-default elementor-section-boxed elementor-section-height-default\" data-id=\"8b7f102\" data-element_type=\"section\" data-e-type=\"section\">\n\t\t\t\t\t\t<div class=\"elementor-container elementor-column-gap-default\">\n\t\t\t\t\t<div class=\"elementor-column elementor-col-50 elementor-inner-column elementor-element elementor-element-e7b7535\" data-id=\"e7b7535\" data-element_type=\"column\" data-e-type=\"column\">\n\t\t\t<div class=\"elementor-widget-wrap elementor-element-populated\">\n\t\t\t\t\t\t<div class=\"elementor-element elementor-element-73186e3 elementor-widget elementor-widget-heading\" data-id=\"73186e3\" data-element_type=\"widget\" data-e-type=\"widget\" data-widget_type=\"heading.default\">\n\t\t\t\t<div class=\"elementor-widget-container\">\n\t\t\t\t\t<h2 class=\"elementor-heading-title elementor-size-default\">Tama\u00f1o<\/h2>\t\t\t\t<\/div>\n\t\t\t\t<\/div>\n\t\t\t\t<div class=\"elementor-element elementor-element-179edb0 elementor-widget elementor-widget-image\" data-id=\"179edb0\" data-element_type=\"widget\" data-e-type=\"widget\" data-widget_type=\"image.default\">\n\t\t\t\t<div class=\"elementor-widget-container\">\n\t\t\t\t\t\t\t\t\t\t\t\t\t\t\t<img decoding=\"async\" src=\"https:\/\/de.meviy.misumi-ec.com\/help\/wp-content\/uploads\/2025\/11\/block-base-plate-ES-1024x640.png\" title=\"\" alt=\"\" loading=\"lazy\" \/>\t\t\t\t\t\t\t\t\t\t\t\t\t\t\t<\/div>\n\t\t\t\t<\/div>\n\t\t\t\t\t<\/div>\n\t\t<\/div>\n\t\t\t\t<div class=\"elementor-column elementor-col-50 elementor-top-column elementor-element elementor-element-1ed234f\" data-id=\"1ed234f\" data-element_type=\"column\" data-e-type=\"column\">\n\t\t\t<div class=\"elementor-widget-wrap elementor-element-populated\">\n\t\t\t\t\t\t<div class=\"elementor-element elementor-element-eff11d9 elementor-widget elementor-widget-heading\" data-id=\"eff11d9\" data-element_type=\"widget\" data-e-type=\"widget\" data-widget_type=\"heading.default\">\n\t\t\t\t<div class=\"elementor-widget-container\">\n\t\t\t\t\t<h2 class=\"elementor-heading-title elementor-size-default\">Plazos de entrega\n<\/h2>\t\t\t\t<\/div>\n\t\t\t\t<\/div>\n\t\t\t\t<div class=\"elementor-element elementor-element-542e632 tblBasic elementor-widget elementor-widget-text-editor\" data-id=\"542e632\" data-element_type=\"widget\" data-e-type=\"widget\" data-widget_type=\"text-editor.default\">\n\t\t\t\t<div class=\"elementor-widget-container\">\n\t\t\t\t\t\t\t\t\t<table class=\"tableHover\" style=\"width: 100%;\">\n<tbody>\n<tr>\n<th>Gama de productos<\/th>\n<th>Opciones<\/th>\n<th>D\u00edas<\/th>\n<\/tr>\n<tr>\n<th rowspan=\"3\">Standard<\/th>\n<th>Rapid<\/th>\n<td>desde 7 d\u00edas<\/td>\n<\/tr>\n<tr>\n<th>Express<\/th>\n<td>desde 9 d\u00edas<\/td>\n<\/tr>\n<tr>\n<th>Standard<\/th>\n<td>desde 11 d\u00edas<\/td>\n<\/tr>\n<tr>\n<th colspan=\"2\">International Economy<\/th>\n<td>desde 17 d\u00edas<\/td>\n<\/tr>\n<\/tbody>\n<\/table>\t\t\t\t\t\t\t\t<\/div>\n\t\t\t\t<\/div>\n\t\t\t\t<div class=\"elementor-element elementor-element-61c9cfb elementor-widget elementor-widget-text-editor\" data-id=\"61c9cfb\" data-element_type=\"widget\" data-e-type=\"widget\" data-widget_type=\"text-editor.default\">\n\t\t\t\t<div class=\"elementor-widget-container\">\n\t\t\t\t\t\t\t\t\tProductos est\u00e1ndar: la gama de productos cumple con las normas JIS.<br>\nProductos de International Economy: la gama de productos se ofrece al precio m\u00e1s bajo y cumple con los est\u00e1ndares de calidad de meviy.<br>\nLos productos cumplen con las normas industriales del pa\u00eds de fabricaci\u00f3n.<br>\n<br>\nHaga clic <a href=\"https:\/\/de.meviy.misumi-ec.com\/help\/es\/technical_info-es-c\/mpb_shape-material-es-c\/40650\/\">aqu\u00ed<\/a> para obtener una descripci\u00f3n detallada de las opciones de entrega de las piezas fresadas.\t\t\t\t\t\t\t\t<\/div>\n\t\t\t\t<\/div>\n\t\t\t\t\t<\/div>\n\t\t<\/div>\n\t\t\t\t\t<\/div>\n\t\t<\/section>\n\t\t\t\t<section class=\"elementor-section elementor-inner-section elementor-element elementor-element-1a1ffa5 elementor-section-height-default elementor-section-boxed elementor-section-height-default\" data-id=\"1a1ffa5\" data-element_type=\"section\" data-e-type=\"section\">\n\t\t\t\t\t\t<div class=\"elementor-container elementor-column-gap-default\">\n\t\t\t\t\t<div class=\"elementor-column elementor-col-100 elementor-top-column elementor-element elementor-element-7af7d60\" data-id=\"7af7d60\" data-element_type=\"column\" data-e-type=\"column\">\n\t\t\t<div class=\"elementor-widget-wrap elementor-element-populated\">\n\t\t\t\t\t\t<div class=\"elementor-element elementor-element-ef6ff91 elementor-widget elementor-widget-heading\" data-id=\"ef6ff91\" data-element_type=\"widget\" data-e-type=\"widget\" data-widget_type=\"heading.default\">\n\t\t\t\t<div class=\"elementor-widget-container\">\n\t\t\t\t\t<h2 class=\"elementor-heading-title elementor-size-default\">Funciones adicionales<\/h2>\t\t\t\t<\/div>\n\t\t\t\t<\/div>\n\t\t\t\t<div class=\"elementor-element elementor-element-339c9b4 tblBasic elementor-widget elementor-widget-text-editor\" data-id=\"339c9b4\" data-element_type=\"widget\" data-e-type=\"widget\" data-widget_type=\"text-editor.default\">\n\t\t\t\t<div class=\"elementor-widget-container\">\n\t\t\t\t\t\t\t\t\t<table class=\"tableHover_single\" style=\"width: 100%;\"><tbody><tr><th width=\"30%\">Grabado<\/th><td>3 mm \u2013 30 mm, caracteres alfanum\u00e9ricos + algunos s\u00edmbolos, n\u00famero de pieza disponible para grabado<\/td><\/tr><tr><th>Tratamiento T\u00e9rmico<\/th><td>Convencional \/ Endurecimiento al vac\u00edo (30 \u2013 63 HRC)<\/td><\/tr><tr><th>Agujeros Roscados<\/th><td>M2 \u2013 M36, UNC \/ UNF, c\u00f3nico, inserto roscado<\/td><\/tr><\/tbody><\/table>\t\t\t\t\t\t\t\t<\/div>\n\t\t\t\t<\/div>\n\t\t\t\t<div class=\"elementor-element elementor-element-70b18d5 elementor-widget elementor-widget-text-editor\" data-id=\"70b18d5\" data-element_type=\"widget\" data-e-type=\"widget\" data-widget_type=\"text-editor.default\">\n\t\t\t\t<div class=\"elementor-widget-container\">\n\t\t\t\t\t\t\t\t\tSi su pieza no pudo obtener una auto oferta, favor de solicitar al servicio de asistencia de meviy una <a href=\"https:\/\/de.meviy.misumi-ec.com\/help\/es\/operation_manual-es-c\/mpb_configuration-es-c\/40513\/\">oferta manual<\/a>.\n<br>\nPara obtener m\u00e1s informaci\u00f3n sobre el uso de meviy, haga clic <a href=\"https:\/\/de.meviy.misumi-ec.com\/help\/es\/operation_manual-es\/first-es\/\">aqu\u00ed<\/a>.\t\t\t\t\t\t\t\t<\/div>\n\t\t\t\t<\/div>\n\t\t\t\t\t<\/div>\n\t\t<\/div>\n\t\t\t\t\t<\/div>\n\t\t<\/section>\n\t\t\t\t<section class=\"elementor-section elementor-inner-section elementor-element elementor-element-72f5de6 elementor-section-height-default elementor-section-boxed elementor-section-height-default\" data-id=\"72f5de6\" data-element_type=\"section\" data-e-type=\"section\">\n\t\t\t\t\t\t<div class=\"elementor-container elementor-column-gap-default\">\n\t\t\t\t\t<div class=\"elementor-column elementor-col-100 elementor-top-column elementor-element elementor-element-130fc02\" data-id=\"130fc02\" data-element_type=\"column\" data-e-type=\"column\">\n\t\t\t<div class=\"elementor-widget-wrap elementor-element-populated\">\n\t\t\t\t\t\t<div class=\"elementor-element elementor-element-ccbf835 elementor-widget elementor-widget-heading\" data-id=\"ccbf835\" data-element_type=\"widget\" data-e-type=\"widget\" data-widget_type=\"heading.default\">\n\t\t\t\t<div class=\"elementor-widget-container\">\n\t\t\t\t\t<h5 class=\"elementor-heading-title elementor-size-default\">Posiciones de mecanizado<\/h5>\t\t\t\t<\/div>\n\t\t\t\t<\/div>\n\t\t\t\t\t<\/div>\n\t\t<\/div>\n\t\t\t\t\t<\/div>\n\t\t<\/section>\n\t\t\t\t<section class=\"elementor-section elementor-inner-section elementor-element elementor-element-2597c7f elementor-section-height-default elementor-section-boxed elementor-section-height-default\" data-id=\"2597c7f\" data-element_type=\"section\" data-e-type=\"section\">\n\t\t\t\t\t\t<div class=\"elementor-container elementor-column-gap-no\">\n\t\t\t\t\t<div class=\"elementor-column elementor-col-33 elementor-top-column elementor-element elementor-element-ba1542a\" data-id=\"ba1542a\" data-element_type=\"column\" data-e-type=\"column\">\n\t\t\t<div class=\"elementor-widget-wrap elementor-element-populated\">\n\t\t\t\t\t\t<div class=\"elementor-element elementor-element-a8fc946 elementor-widget elementor-widget-image\" data-id=\"a8fc946\" data-element_type=\"widget\" data-e-type=\"widget\" data-widget_type=\"image.default\">\n\t\t\t\t<div class=\"elementor-widget-container\">\n\t\t\t\t\t\t\t\t\t\t\t\t\t\t\t<img decoding=\"async\" src=\"https:\/\/de.meviy.misumi-ec.com\/help\/wp-content\/uploads\/2025\/11\/mpb_02_CMN_A-768x299.png\" title=\"\" alt=\"\" loading=\"lazy\" \/>\t\t\t\t\t\t\t\t\t\t\t\t\t\t\t<\/div>\n\t\t\t\t<\/div>\n\t\t\t\t\t<\/div>\n\t\t<\/div>\n\t\t\t\t<div class=\"elementor-column elementor-col-66 elementor-top-column elementor-element elementor-element-768e84c\" data-id=\"768e84c\" data-element_type=\"column\" data-e-type=\"column\">\n\t\t\t<div class=\"elementor-widget-wrap elementor-element-populated\">\n\t\t\t\t\t\t<div class=\"elementor-element elementor-element-c0bc0a3 elementor-widget elementor-widget-text-editor\" data-id=\"c0bc0a3\" data-element_type=\"widget\" data-e-type=\"widget\" data-widget_type=\"text-editor.default\">\n\t\t\t\t<div class=\"elementor-widget-container\">\n\t\t\t\t\t\t\t\t\t<ul>\n \t<li>El mecanizado es posible en seis direcciones perpendiculares\/paralelas a la cara del material del cuerpo rectangular, adem\u00e1s de los agujeros en \u00e1ngulo..<\/li>\n \t<li><\/li>\n \t<li><a href=\"\/help\/es\/technical_info-es-c\/mpb_shape-material-es-c\/40653\/\">Posiciones de mecanizado<\/a><\/li>\n<\/ul>\t\t\t\t\t\t\t\t<\/div>\n\t\t\t\t<\/div>\n\t\t\t\t\t<\/div>\n\t\t<\/div>\n\t\t\t\t\t<\/div>\n\t\t<\/section>\n\t\t\t\t<\/div>\n\t\t","protected":false},"excerpt":{"rendered":"<p>El servicio de corte es un servicio estandarizado para piezas que pueden mecanizarse con una fresadora de tres ejes.Puede obtener autom\u00e1ticamente presupuestos para piezas mecanizadas cargando datos CAD en 3D. Materiales y Tratamientos de Superficies Haga clic aqu\u00ed para ver todos los tama\u00f1os y dimensiones. Material Tratamiento superficial Acero EN 1.0038 equiv. EN 1.0038 equiv. (Barra plana) EN 1.0038 equiv. (material recocido) EN 1.1206 equiv.** EN 1.1206 equiv. (20-34 HRC) * EN 1.7220 equiv. (26-32 HRC)** EN 1.1191 equiv. (Barra plana) EN 1.1191 equiv.** EN 1.2510 equiv. EN 1.1545 equiv. Sin tratamiento \u00d3xido Negro Niquelado sin electrodos Cromado Duro Cromado trivalente (Transparente, Negro) Cromado negro para bajas temperaturas Recubrimiento de [&hellip;]<\/p>\n","protected":false},"author":15,"featured_media":0,"parent":40057,"menu_order":0,"comment_status":"closed","ping_status":"closed","template":"page_technical_info.php","meta":{"footnotes":""},"class_list":["post-40055","page","type-page","status-publish","hentry"],"_links":{"self":[{"href":"https:\/\/de.meviy.misumi-ec.com\/help\/es\/wp-json\/wp\/v2\/pages\/40055","targetHints":{"allow":["GET"]}}],"collection":[{"href":"https:\/\/de.meviy.misumi-ec.com\/help\/es\/wp-json\/wp\/v2\/pages"}],"about":[{"href":"https:\/\/de.meviy.misumi-ec.com\/help\/es\/wp-json\/wp\/v2\/types\/page"}],"author":[{"embeddable":true,"href":"https:\/\/de.meviy.misumi-ec.com\/help\/es\/wp-json\/wp\/v2\/users\/15"}],"replies":[{"embeddable":true,"href":"https:\/\/de.meviy.misumi-ec.com\/help\/es\/wp-json\/wp\/v2\/comments?post=40055"}],"version-history":[{"count":26,"href":"https:\/\/de.meviy.misumi-ec.com\/help\/es\/wp-json\/wp\/v2\/pages\/40055\/revisions"}],"predecessor-version":[{"id":87196,"href":"https:\/\/de.meviy.misumi-ec.com\/help\/es\/wp-json\/wp\/v2\/pages\/40055\/revisions\/87196"}],"up":[{"embeddable":true,"href":"https:\/\/de.meviy.misumi-ec.com\/help\/es\/wp-json\/wp\/v2\/pages\/40057"}],"wp:attachment":[{"href":"https:\/\/de.meviy.misumi-ec.com\/help\/es\/wp-json\/wp\/v2\/media?parent=40055"}],"curies":[{"name":"wp","href":"https:\/\/api.w.org\/{rel}","templated":true}]}}