{"id":39575,"date":"2020-06-29T12:30:13","date_gmt":"2020-06-29T03:30:13","guid":{"rendered":"https:\/\/de.meviy.misumi-ec.com\/help\/shm_configuration-en\/"},"modified":"2025-06-26T17:50:37","modified_gmt":"2025-06-26T08:50:37","slug":"shm_configuration-fr","status":"publish","type":"page","link":"https:\/\/de.meviy.misumi-ec.com\/help\/fr\/operation_manual-fr\/shm_configuration-fr\/","title":{"rendered":"[Pi\u00e8ces en t\u00f4le] Param\u00e8tres de devis"},"content":{"rendered":"","protected":false},"excerpt":{"rendered":"","protected":false},"author":15,"featured_media":0,"parent":39574,"menu_order":0,"comment_status":"closed","ping_status":"closed","template":"page_operation_manual.php","meta":{"footnotes":""},"class_list":["post-39575","page","type-page","status-publish","hentry"],"_links":{"self":[{"href":"https:\/\/de.meviy.misumi-ec.com\/help\/fr\/wp-json\/wp\/v2\/pages\/39575","targetHints":{"allow":["GET"]}}],"collection":[{"href":"https:\/\/de.meviy.misumi-ec.com\/help\/fr\/wp-json\/wp\/v2\/pages"}],"about":[{"href":"https:\/\/de.meviy.misumi-ec.com\/help\/fr\/wp-json\/wp\/v2\/types\/page"}],"author":[{"embeddable":true,"href":"https:\/\/de.meviy.misumi-ec.com\/help\/fr\/wp-json\/wp\/v2\/users\/15"}],"replies":[{"embeddable":true,"href":"https:\/\/de.meviy.misumi-ec.com\/help\/fr\/wp-json\/wp\/v2\/comments?post=39575"}],"version-history":[{"count":2,"href":"https:\/\/de.meviy.misumi-ec.com\/help\/fr\/wp-json\/wp\/v2\/pages\/39575\/revisions"}],"predecessor-version":[{"id":54280,"href":"https:\/\/de.meviy.misumi-ec.com\/help\/fr\/wp-json\/wp\/v2\/pages\/39575\/revisions\/54280"}],"up":[{"embeddable":true,"href":"https:\/\/de.meviy.misumi-ec.com\/help\/fr\/wp-json\/wp\/v2\/pages\/39574"}],"wp:attachment":[{"href":"https:\/\/de.meviy.misumi-ec.com\/help\/fr\/wp-json\/wp\/v2\/media?parent=39575"}],"curies":[{"name":"wp","href":"https:\/\/api.w.org\/{rel}","templated":true}]}}