{"id":39582,"date":"2020-03-06T12:52:23","date_gmt":"2020-03-06T03:52:23","guid":{"rendered":"https:\/\/de.meviy.misumi-ec.com\/help\/mpb_guideline-en\/"},"modified":"2025-06-13T12:46:07","modified_gmt":"2025-06-13T03:46:07","slug":"mpb_guideline-fr","status":"publish","type":"page","link":"https:\/\/de.meviy.misumi-ec.com\/help\/fr\/technical_info-fr\/mpb_guideline-fr\/","title":{"rendered":"Directives de conception"},"content":{"rendered":"\t\t<div data-elementor-type=\"wp-page\" data-elementor-id=\"39582\" class=\"elementor elementor-39582 elementor-9548\">\n\t\t\t\t\t\t<section class=\"elementor-section elementor-top-section elementor-element elementor-element-21f4545 elementor-section-boxed elementor-section-height-default elementor-section-height-default\" data-id=\"21f4545\" data-element_type=\"section\" data-e-type=\"section\">\n\t\t\t\t\t\t<div class=\"elementor-container elementor-column-gap-default\">\n\t\t\t\t\t<div class=\"elementor-column elementor-col-100 elementor-top-column elementor-element elementor-element-a6764e2\" data-id=\"a6764e2\" data-element_type=\"column\" data-e-type=\"column\">\n\t\t\t<div class=\"elementor-widget-wrap elementor-element-populated\">\n\t\t\t\t\t\t<div class=\"elementor-element elementor-element-bd30c47 elementor-widget elementor-widget-text-editor\" data-id=\"bd30c47\" data-element_type=\"widget\" data-e-type=\"widget\" data-widget_type=\"text-editor.default\">\n\t\t\t\t<div class=\"elementor-widget-container\">\n\t\t\t\t\t\t\t\t\t<p>Les donn\u00e9es CAO 3D que vous t\u00e9l\u00e9chargez pour le service de d\u00e9coupe doivent \u00eatre mod\u00e9lis\u00e9es conform\u00e9ment aux directives d\u00e9crites dans ce chapitre.<\/p>\t\t\t\t\t\t\t\t<\/div>\n\t\t\t\t<\/div>\n\t\t\t\t\t<\/div>\n\t\t<\/div>\n\t\t\t\t\t<\/div>\n\t\t<\/section>\n\t\t\t\t<\/div>\n\t\t","protected":false},"excerpt":{"rendered":"<p>Les donn\u00e9es CAO 3D que vous t\u00e9l\u00e9chargez pour le service de d\u00e9coupe doivent \u00eatre mod\u00e9lis\u00e9es conform\u00e9ment aux directives d\u00e9crites dans ce chapitre.<\/p>\n","protected":false},"author":15,"featured_media":0,"parent":39573,"menu_order":0,"comment_status":"closed","ping_status":"closed","template":"page_technical_info.php","meta":{"footnotes":""},"class_list":["post-39582","page","type-page","status-publish","hentry"],"_links":{"self":[{"href":"https:\/\/de.meviy.misumi-ec.com\/help\/fr\/wp-json\/wp\/v2\/pages\/39582","targetHints":{"allow":["GET"]}}],"collection":[{"href":"https:\/\/de.meviy.misumi-ec.com\/help\/fr\/wp-json\/wp\/v2\/pages"}],"about":[{"href":"https:\/\/de.meviy.misumi-ec.com\/help\/fr\/wp-json\/wp\/v2\/types\/page"}],"author":[{"embeddable":true,"href":"https:\/\/de.meviy.misumi-ec.com\/help\/fr\/wp-json\/wp\/v2\/users\/15"}],"replies":[{"embeddable":true,"href":"https:\/\/de.meviy.misumi-ec.com\/help\/fr\/wp-json\/wp\/v2\/comments?post=39582"}],"version-history":[{"count":5,"href":"https:\/\/de.meviy.misumi-ec.com\/help\/fr\/wp-json\/wp\/v2\/pages\/39582\/revisions"}],"predecessor-version":[{"id":50437,"href":"https:\/\/de.meviy.misumi-ec.com\/help\/fr\/wp-json\/wp\/v2\/pages\/39582\/revisions\/50437"}],"up":[{"embeddable":true,"href":"https:\/\/de.meviy.misumi-ec.com\/help\/fr\/wp-json\/wp\/v2\/pages\/39573"}],"wp:attachment":[{"href":"https:\/\/de.meviy.misumi-ec.com\/help\/fr\/wp-json\/wp\/v2\/media?parent=39582"}],"curies":[{"name":"wp","href":"https:\/\/api.w.org\/{rel}","templated":true}]}}