{"id":39641,"date":"2021-01-08T12:27:01","date_gmt":"2021-01-08T03:27:01","guid":{"rendered":"https:\/\/de.meviy.misumi-ec.com\/help\/mpb-en\/"},"modified":"2025-11-26T22:53:51","modified_gmt":"2025-11-26T13:53:51","slug":"mpb-it","status":"publish","type":"page","link":"https:\/\/de.meviy.misumi-ec.com\/help\/it\/technical_info-it\/mpb-it\/","title":{"rendered":"Fresatura CNC"},"content":{"rendered":"\t\t<div data-elementor-type=\"wp-page\" data-elementor-id=\"39641\" class=\"elementor elementor-39641 elementor-9510\">\n\t\t\t\t\t\t<section class=\"elementor-section elementor-inner-section elementor-element elementor-element-92c0512 elementor-section-height-default elementor-section-boxed elementor-section-height-default\" data-id=\"92c0512\" data-element_type=\"section\" data-e-type=\"section\">\n\t\t\t\t\t\t<div class=\"elementor-container elementor-column-gap-default\">\n\t\t\t\t\t<div class=\"elementor-column elementor-col-100 elementor-top-column elementor-element elementor-element-b04f57b\" data-id=\"b04f57b\" data-element_type=\"column\" data-e-type=\"column\">\n\t\t\t<div class=\"elementor-widget-wrap elementor-element-populated\">\n\t\t\t\t\t\t<div class=\"elementor-element elementor-element-0712d64 elementor-widget elementor-widget-text-editor\" data-id=\"0712d64\" data-element_type=\"widget\" data-e-type=\"widget\" data-widget_type=\"text-editor.default\">\n\t\t\t\t<div class=\"elementor-widget-container\">\n\t\t\t\t\t\t\t\t\t<ul><li>Il servizio di taglio \u00e8 un servizio standardizzato per parti che possono essere lavorate con una fresatrice a tre assi.<\/li><li>Puoi ottenere automaticamente preventivi per pezzi lavorati semplicemente caricando i dati 3D CAD.<\/li><\/ul>\t\t\t\t\t\t\t\t<\/div>\n\t\t\t\t<\/div>\n\t\t\t\t\t<\/div>\n\t\t<\/div>\n\t\t\t\t\t<\/div>\n\t\t<\/section>\n\t\t\t\t<section class=\"elementor-section elementor-inner-section elementor-element elementor-element-fae10a9 elementor-section-height-default elementor-section-boxed elementor-section-height-default\" data-id=\"fae10a9\" data-element_type=\"section\" data-e-type=\"section\">\n\t\t\t\t\t\t<div class=\"elementor-container elementor-column-gap-default\">\n\t\t\t\t\t<div class=\"elementor-column elementor-col-100 elementor-top-column elementor-element elementor-element-079097f\" data-id=\"079097f\" data-element_type=\"column\" data-e-type=\"column\">\n\t\t\t<div class=\"elementor-widget-wrap elementor-element-populated\">\n\t\t\t\t\t\t<div class=\"elementor-element elementor-element-2aec21a elementor-widget elementor-widget-heading\" data-id=\"2aec21a\" data-element_type=\"widget\" data-e-type=\"widget\" data-widget_type=\"heading.default\">\n\t\t\t\t<div class=\"elementor-widget-container\">\n\t\t\t\t\t<h2 class=\"elementor-heading-title elementor-size-default\">Materiali e Trattamenti Superficiali\n<\/h2>\t\t\t\t<\/div>\n\t\t\t\t<\/div>\n\t\t\t\t<div class=\"elementor-element elementor-element-6fe8288 elementor-widget elementor-widget-text-editor\" data-id=\"6fe8288\" data-element_type=\"widget\" data-e-type=\"widget\" data-widget_type=\"text-editor.default\">\n\t\t\t\t<div class=\"elementor-widget-container\">\n\t\t\t\t\t\t\t\t\tClicca <a href=\"https:\/\/de.meviy.misumi-ec.com\/help\/it\/technical_info-it-c\/mpb_shape-material-it-c\/39943\/\">qui<\/a> per tutte le misure e le dimensioni.\n\t\t\t\t\t\t\t\t<\/div>\n\t\t\t\t<\/div>\n\t\t\t\t<div class=\"elementor-element elementor-element-62d7c84 tblBasic elementor-widget elementor-widget-text-editor\" data-id=\"62d7c84\" data-element_type=\"widget\" data-e-type=\"widget\" data-widget_type=\"text-editor.default\">\n\t\t\t\t<div class=\"elementor-widget-container\">\n\t\t\t\t\t\t\t\t\t<div class=\"print_block\"><div class=\"tableStickyHead\"><table class=\"tableHover_single\"><thead><tr style=\"height: 50px;\"><th style=\"width: 65%;\" colspan=\"2\">Materiali<\/th><th style=\"width: 35%;\">Trattamenti Superficiali<\/th><\/tr><\/thead><\/table><\/div><table class=\"tableHover_single mT0\"><tbody><tr style=\"height: 150px;\"><th style=\"width: 32.5%;\">Acciaio<\/th><td style=\"width: 32.5%;\">EN 1.0038 equiv.<br \/>EN 1.0038 equiv. (barra piatta)<br \/>EN 1.0038 equiv. (materiale ricotto) <br \/>EN 1.1206 equiv.**<br \/>EN 1.1206 equiv. (20-34 HRC) *<br \/>EN 1.7220 equiv. (26-32 HRC)**<br \/>EN 1.1191 equiv. (barra piatta)<br \/>EN 1.1191 equiv. **<br \/>EN 1.2510 equiv.<br \/>EN 1.1545 equiv.<\/td><td style=\"width: 35%;\"><p style=\"text-align: center;\">Nessuno<br \/>Ossidazione nera<br \/>Nichel chimico (senza elettrolisi)<br \/>Cromatura dura<br \/>Cromato trivalente (trasparente, nera)<br \/>Trattamento superficiale LTBC<br \/>Fosfatazione (Manganese)<br \/>Nitrurazione<\/p><\/td><\/tr><tr style=\"height: 150px;\"><th>Acciaio pre-temprato<\/th><td>NAK55 equiv.<br \/>EN 1.2379 equiv.**<br \/>DC53 \u00ae (Daido)**<\/td><td><p style=\"text-align: center;\">&#8211;<\/p><\/td><\/tr><tr style=\"height: 150px;\"><th>Alluminio<\/th><td>EN AW-2017 equiv.<br \/>EN AW-5052 equiv.<br \/>EN AW-5083 equiv.<br \/>EN AW-6061 equiv.<br \/>EN AW-6063 equiv. (barra piatta)<br \/>EN AW-7075 equiv.<\/td><td><p style=\"text-align: center;\">Anodizzazione (trasparente, nera, nera opaca, rossa, dorata)<br \/>Anodizzazione dura (trasparente, trasparente opaca)<br \/>Nichel chimico (senza elettrolisi)<\/p><\/td><\/tr><tr style=\"height: 150px;\"><th>Acciaio inossidabile<\/th><td>EN 1.4305 equiv.<br \/>EN 1.4305 equiv. (materiale ricotto)<br \/>EN 1.4301 equiv.<br \/>EN 1.4301 equiv. (materiale ricotto)<br \/>EN 1.4401 equiv.<br \/>EN 1.4016 equiv.<br \/>EN 1.4404 equiv.<\/td><td><p style=\"text-align: center;\">&#8211;<\/p><\/td><\/tr><tr style=\"height: 150px;\"><th>Resina<\/th><td>POM (Acetale, standard, bianco)<br \/>POM (Acetale, standard, nero)<br \/>MC Nylon (standard, blu)<br \/>MC Nylon (standard, avorio)<br \/>MC Nylon (conduttivo, nero)<br \/>MC Nylon (antistatico, nero)<br \/>MC Nylon (resistente agli agenti atmosferici, grigio antracite)<br \/>Bachelite (base carta, colore naturale)<br \/>Bachelite (base carta, nero)<br \/>Bachelite (base tessuto, colore naturale)<br \/>Fluoropolimero (PTFE, standard, bianco)<br \/>UHMWPE (standard, bianco)<br \/>UHMWPE (conduttivo, nero)<br \/>ABS (standard, colore naturale)<br \/>PEEK (standard, grigio-marrone)<br \/>PP (standard, bianco)<br \/>PET (caricato con vetro, marrone)<br \/>PPS (standard, colore naturale)<\/td><td><p style=\"text-align: center;\">&#8211;<\/p><\/td><\/tr><tr style=\"height: 100px; background-color: #f5f5f5;\"><th style=\"width: 26%; text-align: center;\">Rame &amp; Ottone<\/th><td style=\"width: 28%; text-align: center; background-color: #ffffff;\">EN CW004A equiv. (Oxygen-free)<br \/>EN CW008A equiv. (ETP)<br \/>EN CW509L equiv. (Brass)<br \/>EN CW614N equiv.<\/td><td style=\"width: 46%; text-align: center; background-color: #ffffff;\">&#8211;<\/td><\/tr><\/tbody><\/table><\/div>\t\t\t\t\t\t\t\t<\/div>\n\t\t\t\t<\/div>\n\t\t\t\t<div class=\"elementor-element elementor-element-dd1367a elementor-widget elementor-widget-text-editor\" data-id=\"dd1367a\" data-element_type=\"widget\" data-e-type=\"widget\" data-widget_type=\"text-editor.default\">\n\t\t\t\t<div class=\"elementor-widget-container\">\n\t\t\t\t\t\t\t\t\t*Valore di riferimento<br>\n** Disponibile per trattamento termico\n\t\t\t\t\t\t\t\t<\/div>\n\t\t\t\t<\/div>\n\t\t\t\t<div class=\"elementor-element elementor-element-8805b06 elementor-widget elementor-widget-text-editor\" data-id=\"8805b06\" data-element_type=\"widget\" data-e-type=\"widget\" data-widget_type=\"text-editor.default\">\n\t\t\t\t<div class=\"elementor-widget-container\">\n\t\t\t\t\t\t\t\t\tClicca <a href=\"https:\/\/de.meviy.misumi-ec.com\/help\/it\/technical_info-it-c\/mpb_shape-material-it-c\/58535\/\">qui<\/a> per ulteriori informazioni sulle propriet\u00e0 meccaniche quali resistenza alla trazione, limite elastico e altri valori. <br>\nClicca <a href=\"https:\/\/de.meviy.misumi-ec.com\/help\/it\/technical_info-it-c\/mpb_shape-material-it-c\/39670\/\">qui<\/a> per maggiori dettagli sugli standard dei materiali.\n\t\t\t\t\t\t\t\t<\/div>\n\t\t\t\t<\/div>\n\t\t\t\t\t<\/div>\n\t\t<\/div>\n\t\t\t\t\t<\/div>\n\t\t<\/section>\n\t\t\t\t<section class=\"elementor-section elementor-inner-section elementor-element elementor-element-e85f937 elementor-section-height-default elementor-section-boxed elementor-section-height-default\" data-id=\"e85f937\" data-element_type=\"section\" data-e-type=\"section\">\n\t\t\t\t\t\t<div class=\"elementor-container elementor-column-gap-default\">\n\t\t\t\t\t<div class=\"elementor-column elementor-col-100 elementor-top-column elementor-element elementor-element-b3880fa\" data-id=\"b3880fa\" data-element_type=\"column\" data-e-type=\"column\">\n\t\t\t<div class=\"elementor-widget-wrap elementor-element-populated\">\n\t\t\t\t\t\t<div class=\"elementor-element elementor-element-31e8c4d elementor-widget elementor-widget-heading\" data-id=\"31e8c4d\" data-element_type=\"widget\" data-e-type=\"widget\" data-widget_type=\"heading.default\">\n\t\t\t\t<div class=\"elementor-widget-container\">\n\t\t\t\t\t<h2 class=\"elementor-heading-title elementor-size-default\">Standard di Accuratezza\n<\/h2>\t\t\t\t<\/div>\n\t\t\t\t<\/div>\n\t\t\t\t<div class=\"elementor-element elementor-element-a181684 tblBasic elementor-widget elementor-widget-text-editor\" data-id=\"a181684\" data-element_type=\"widget\" data-e-type=\"widget\" data-widget_type=\"text-editor.default\">\n\t\t\t\t<div class=\"elementor-widget-container\">\n\t\t\t\t\t\t\t\t\t<table class=\"tableHover_single\" style=\"width: 100%;\">\n<tbody>\n<tr>\n<th width=\"30%\">Standard Predefinito di Tolleranza Generale<\/th>\n<td>I prodotti standard sono conformi alle norme JIS B 0405:1991\/JIS B 0419:1991.<br>\nMentre i prodotti International Economy possono essere conformi alle norme JIS B 0405:1991\/JIS B 0419:1991 o GB\/T 1804-2000\/GB\/T 1184-1995.<br>\nGrado di Tolleranza: Medio (m)<\/td>\n<\/tr>\n<tr>\n<th>Tolleranze Dimensionali<\/th>\n<td>\u00b1 0,01 o superiore<\/td>\n<\/tr>\n<tr>\n<th>Grado di Tolleranza<\/th>\n<td>Grado IT6 o superiore<\/td>\n<\/tr>\n<tr>\n<th>Tolleranza Geometrica<\/th>\n<td>Planarit\u00e1 \/ Perpendicularit\u00e1 \/ Parallelismo (0,02\/100mm)<\/td>\n<\/tr>\n<tr>\n<th>Rugosit\u00e0 Superficiale<\/th>\n<td>Ra 0.4, 0.8, 1.6, 3.2, 6.3<\/td>\n<\/tr>\n<\/tbody>\n<\/table>\t\t\t\t\t\t\t\t<\/div>\n\t\t\t\t<\/div>\n\t\t\t\t<div class=\"elementor-element elementor-element-554e7d8 elementor-widget elementor-widget-text-editor\" data-id=\"554e7d8\" data-element_type=\"widget\" data-e-type=\"widget\" data-widget_type=\"text-editor.default\">\n\t\t\t\t<div class=\"elementor-widget-container\">\n\t\t\t\t\t\t\t\t\tL&#8217;unit\u00e0 di misura \u00e8 mm, se non diversamente specificato.<br>\n * Dimensioni in lunghezza escluse le smussature.<br>\n<br>\n\nClicca <a href=\"https:\/\/de.meviy.misumi-ec.com\/help\/it\/technical_info-it-c\/mpb_conditions-it-c\/39853\/\">qui<\/a> per una visualizzazione dettagliata delle tolleranze standard per i parti fresati.\t\t\t\t\t\t\t\t<\/div>\n\t\t\t\t<\/div>\n\t\t\t\t\t<\/div>\n\t\t<\/div>\n\t\t\t\t\t<\/div>\n\t\t<\/section>\n\t\t\t\t<section class=\"elementor-section elementor-inner-section elementor-element elementor-element-986a34d elementor-section-height-default elementor-section-boxed elementor-section-height-default\" data-id=\"986a34d\" data-element_type=\"section\" data-e-type=\"section\">\n\t\t\t\t\t\t<div class=\"elementor-container elementor-column-gap-default\">\n\t\t\t\t\t<div class=\"elementor-column elementor-col-100 elementor-top-column elementor-element elementor-element-a38a92d\" data-id=\"a38a92d\" data-element_type=\"column\" data-e-type=\"column\">\n\t\t\t<div class=\"elementor-widget-wrap elementor-element-populated\">\n\t\t\t\t\t\t<div class=\"elementor-element elementor-element-434a38f elementor-widget elementor-widget-heading\" data-id=\"434a38f\" data-element_type=\"widget\" data-e-type=\"widget\" data-widget_type=\"heading.default\">\n\t\t\t\t<div class=\"elementor-widget-container\">\n\t\t\t\t\t<h5 class=\"elementor-heading-title elementor-size-default\">Attrezzature di lavorazione e informazioni di base<\/h5>\t\t\t\t<\/div>\n\t\t\t\t<\/div>\n\t\t\t\t\t<\/div>\n\t\t<\/div>\n\t\t\t\t\t<\/div>\n\t\t<\/section>\n\t\t\t\t<section class=\"elementor-section elementor-inner-section elementor-element elementor-element-dca1f47 elementor-section-height-default elementor-section-boxed elementor-section-height-default\" data-id=\"dca1f47\" data-element_type=\"section\" data-e-type=\"section\">\n\t\t\t\t\t\t<div class=\"elementor-container elementor-column-gap-no\">\n\t\t\t\t\t<div class=\"elementor-column elementor-col-33 elementor-top-column elementor-element elementor-element-96cc821\" data-id=\"96cc821\" data-element_type=\"column\" data-e-type=\"column\">\n\t\t\t<div class=\"elementor-widget-wrap elementor-element-populated\">\n\t\t\t\t\t\t<div class=\"elementor-element elementor-element-5bf8322 elementor-widget elementor-widget-image\" data-id=\"5bf8322\" data-element_type=\"widget\" data-e-type=\"widget\" data-widget_type=\"image.default\">\n\t\t\t\t<div class=\"elementor-widget-container\">\n\t\t\t\t\t\t\t\t\t\t\t\t\t\t\t<img decoding=\"async\" src=\"https:\/\/de.meviy.misumi-ec.com\/help\/wp-content\/uploads\/2025\/01\/TI-Frasteil-sample.png\" title=\"\" alt=\"\" loading=\"lazy\" \/>\t\t\t\t\t\t\t\t\t\t\t\t\t\t\t<\/div>\n\t\t\t\t<\/div>\n\t\t\t\t\t<\/div>\n\t\t<\/div>\n\t\t\t\t<div class=\"elementor-column elementor-col-66 elementor-top-column elementor-element elementor-element-0e0a9f8\" data-id=\"0e0a9f8\" data-element_type=\"column\" data-e-type=\"column\">\n\t\t\t<div class=\"elementor-widget-wrap elementor-element-populated\">\n\t\t\t\t\t\t<div class=\"elementor-element elementor-element-c02d6b2 elementor-widget__width-initial elementor-widget elementor-widget-text-editor\" data-id=\"c02d6b2\" data-element_type=\"widget\" data-e-type=\"widget\" data-widget_type=\"text-editor.default\">\n\t\t\t\t<div class=\"elementor-widget-container\">\n\t\t\t\t\t\t\t\t\tA seconda del materiale e dello spessore, la superficie pu\u00f2 rimanere non trattata.\n<ul class=\"lstBasic\">\n \t<li>Tolleranze dimensionali sulla lunghezza senza smussatura, salvo diversamente specificato: JIS B 0405 medio (m)<\/li>\n \t<li>Tolleranze dimensionali sulla smussatura, salvo diversamente specificato: JIS B 0405 grossolano (c)<\/li>\n \t<li>I modelli con angoli interni inferiori o uguali a 0,5 sono rifiniti con C0,1 mm a 0,5 o meno<\/li>\n \t<li>I modelli con angoli esterni di R0,5 o inferiori sono rifiniti con R0,5 o meno<\/li>\n \t<li>Tolleranze per le dimensioni del modello, escluso lo smusso:\nJIS B 0419 K<\/li>\n \t<li>Ruvidit\u00e0 della superficie, salvo diversamente specificato: \u221aRa6,3 [\u221aRz25]<\/li>\n<\/ul>\n<ul>\n \t<li>\n<\/ul>\t\t\t\t\t\t\t\t<\/div>\n\t\t\t\t<\/div>\n\t\t\t\t\t<\/div>\n\t\t<\/div>\n\t\t\t\t\t<\/div>\n\t\t<\/section>\n\t\t\t\t<section class=\"elementor-section elementor-inner-section elementor-element elementor-element-dc74b82 elementor-section-height-default elementor-section-boxed elementor-section-height-default\" data-id=\"dc74b82\" data-element_type=\"section\" data-e-type=\"section\">\n\t\t\t\t\t\t<div class=\"elementor-container elementor-column-gap-default\">\n\t\t\t\t\t<div class=\"elementor-column elementor-col-50 elementor-inner-column elementor-element elementor-element-666448f\" data-id=\"666448f\" data-element_type=\"column\" data-e-type=\"column\">\n\t\t\t<div class=\"elementor-widget-wrap elementor-element-populated\">\n\t\t\t\t\t\t<div class=\"elementor-element elementor-element-d294ead elementor-widget elementor-widget-heading\" data-id=\"d294ead\" data-element_type=\"widget\" data-e-type=\"widget\" data-widget_type=\"heading.default\">\n\t\t\t\t<div class=\"elementor-widget-container\">\n\t\t\t\t\t<h2 class=\"elementor-heading-title elementor-size-default\">Dimensioni<\/h2>\t\t\t\t<\/div>\n\t\t\t\t<\/div>\n\t\t\t\t<div class=\"elementor-element elementor-element-6025eda elementor-widget elementor-widget-image\" data-id=\"6025eda\" data-element_type=\"widget\" data-e-type=\"widget\" data-widget_type=\"image.default\">\n\t\t\t\t<div class=\"elementor-widget-container\">\n\t\t\t\t\t\t\t\t\t\t\t\t\t\t\t<img decoding=\"async\" src=\"https:\/\/de.meviy.misumi-ec.com\/help\/wp-content\/uploads\/2025\/11\/block-base-plate-ITA.png\" title=\"\" alt=\"\" loading=\"lazy\" \/>\t\t\t\t\t\t\t\t\t\t\t\t\t\t\t<\/div>\n\t\t\t\t<\/div>\n\t\t\t\t\t<\/div>\n\t\t<\/div>\n\t\t\t\t<div class=\"elementor-column elementor-col-50 elementor-top-column elementor-element elementor-element-1cbcbf5\" data-id=\"1cbcbf5\" data-element_type=\"column\" data-e-type=\"column\">\n\t\t\t<div class=\"elementor-widget-wrap elementor-element-populated\">\n\t\t\t\t\t\t<div class=\"elementor-element elementor-element-3f4f4f5 elementor-widget elementor-widget-heading\" data-id=\"3f4f4f5\" data-element_type=\"widget\" data-e-type=\"widget\" data-widget_type=\"heading.default\">\n\t\t\t\t<div class=\"elementor-widget-container\">\n\t\t\t\t\t<h2 class=\"elementor-heading-title elementor-size-default\">Tempi di Consegna<\/h2>\t\t\t\t<\/div>\n\t\t\t\t<\/div>\n\t\t\t\t<div class=\"elementor-element elementor-element-dc9f15e tblBasic elementor-widget elementor-widget-text-editor\" data-id=\"dc9f15e\" data-element_type=\"widget\" data-e-type=\"widget\" data-widget_type=\"text-editor.default\">\n\t\t\t\t<div class=\"elementor-widget-container\">\n\t\t\t\t\t\t\t\t\t<table class=\"tableHover\" style=\"width: 100%;\">\n<tbody>\n<tr>\n<th>Linea di prodotti<\/th>\n<th>Opzioni<\/th>\n<th>Giorni<\/th>\n<\/tr>\n<tr>\n<th rowspan=\"3\">Standard<\/th>\n<th>Rapid<\/th>\n<td>da 7 giorni<\/td>\n<\/tr>\n<tr>\n<th>Express<\/th>\n<td>da 9 giorni<\/td>\n<\/tr>\n<tr>\n<th>Standard<\/th>\n<td>da 11 giorni<\/td>\n<\/tr>\n<tr>\n<th colspan=\"2\">International Economy<\/th>\n<td>da 17 giorni<\/td>\n<\/tr>\n<\/tbody>\n<\/table>\t\t\t\t\t\t\t\t<\/div>\n\t\t\t\t<\/div>\n\t\t\t\t<div class=\"elementor-element elementor-element-5861757 elementor-widget elementor-widget-text-editor\" data-id=\"5861757\" data-element_type=\"widget\" data-e-type=\"widget\" data-widget_type=\"text-editor.default\">\n\t\t\t\t<div class=\"elementor-widget-container\">\n\t\t\t\t\t\t\t\t\tProdotti standard: La linea di prodotti \u00e8 conforme agli standard JIS.<br>\nProdotti International Economy: La linea di prodotti \u00e8 offerta al prezzo pi\u00f9 basso, in conformit\u00e0 con gli standard di qualit\u00e0 meviy.<br>\nI prodotti sono conformi agli standard industriali del Paese di produzione.<br>\n<br>\nClicca <a href=\"https:\/\/de.meviy.misumi-ec.com\/help\/it\/technical_info-it-c\/mpb_shape-material-it-c\/39942\/\">qui<\/a> per una visualizzazione dettagliata delle opzioni di consegna per i pezzi fresati.\t\t\t\t\t\t\t\t<\/div>\n\t\t\t\t<\/div>\n\t\t\t\t\t<\/div>\n\t\t<\/div>\n\t\t\t\t\t<\/div>\n\t\t<\/section>\n\t\t\t\t<section class=\"elementor-section elementor-inner-section elementor-element elementor-element-a044d44 elementor-section-height-default elementor-section-boxed elementor-section-height-default\" data-id=\"a044d44\" data-element_type=\"section\" data-e-type=\"section\">\n\t\t\t\t\t\t<div class=\"elementor-container elementor-column-gap-default\">\n\t\t\t\t\t<div class=\"elementor-column elementor-col-100 elementor-top-column elementor-element elementor-element-f20f2e1\" data-id=\"f20f2e1\" data-element_type=\"column\" data-e-type=\"column\">\n\t\t\t<div class=\"elementor-widget-wrap elementor-element-populated\">\n\t\t\t\t\t\t<div class=\"elementor-element elementor-element-4973a23 elementor-widget elementor-widget-heading\" data-id=\"4973a23\" data-element_type=\"widget\" data-e-type=\"widget\" data-widget_type=\"heading.default\">\n\t\t\t\t<div class=\"elementor-widget-container\">\n\t\t\t\t\t<h2 class=\"elementor-heading-title elementor-size-default\">Funzioni aggiuntive<\/h2>\t\t\t\t<\/div>\n\t\t\t\t<\/div>\n\t\t\t\t<div class=\"elementor-element elementor-element-ac75c42 tblBasic elementor-widget elementor-widget-text-editor\" data-id=\"ac75c42\" data-element_type=\"widget\" data-e-type=\"widget\" data-widget_type=\"text-editor.default\">\n\t\t\t\t<div class=\"elementor-widget-container\">\n\t\t\t\t\t\t\t\t\t<table class=\"tableHover_single\" style=\"width: 100%;\"><tbody><tr><th width=\"30%\">Marcatura<\/th><td>3 mm \u2013 30 mm, caratteri alfanumerici + alcuni simboli, numero di serie disponibile per la marcatura<\/td><\/tr><tr><th>Trattamenti Termici<\/th><td>Tempra convenzionale \/ in vuoto (30 \u2013 63 HRC)<\/td><\/tr><tr><th>Fori Filettati<\/th><td>M2 \u2013 M36, UNC \/ UNF, conici, inserti filettati<\/td><\/tr><\/tbody><\/table>\t\t\t\t\t\t\t\t<\/div>\n\t\t\t\t<\/div>\n\t\t\t\t<div class=\"elementor-element elementor-element-987d24f elementor-widget elementor-widget-text-editor\" data-id=\"987d24f\" data-element_type=\"widget\" data-e-type=\"widget\" data-widget_type=\"text-editor.default\">\n\t\t\t\t<div class=\"elementor-widget-container\">\n\t\t\t\t\t\t\t\t\tSe non \u00e8 disponibile un preventivo automatico per il tuo pezzo, puoi richiedere un  <a href=\"https:\/\/de.meviy.misumi-ec.com\/help\/it\/operation_manual-it-c\/mpb_configuration-it-c\/39805\/\">preventivo manuale<\/a> all&#8217;assistenza meviy.<br>\nPer ulteriori informazioni sull&#8217;utilizzo di meviy, clicca <a href=\"https:\/\/de.meviy.misumi-ec.com\/help\/it\/operation_manual-it\/first-it\/\">qui<\/a>.\t\t\t\t\t\t\t\t<\/div>\n\t\t\t\t<\/div>\n\t\t\t\t\t<\/div>\n\t\t<\/div>\n\t\t\t\t\t<\/div>\n\t\t<\/section>\n\t\t\t\t<section class=\"elementor-section elementor-inner-section elementor-element elementor-element-256bc62 elementor-section-height-default elementor-section-boxed elementor-section-height-default\" data-id=\"256bc62\" data-element_type=\"section\" data-e-type=\"section\">\n\t\t\t\t\t\t<div class=\"elementor-container elementor-column-gap-default\">\n\t\t\t\t\t<div class=\"elementor-column elementor-col-100 elementor-top-column elementor-element elementor-element-fbd9de8\" data-id=\"fbd9de8\" data-element_type=\"column\" data-e-type=\"column\">\n\t\t\t<div class=\"elementor-widget-wrap elementor-element-populated\">\n\t\t\t\t\t\t<div class=\"elementor-element elementor-element-c171e03 elementor-widget elementor-widget-heading\" data-id=\"c171e03\" data-element_type=\"widget\" data-e-type=\"widget\" data-widget_type=\"heading.default\">\n\t\t\t\t<div class=\"elementor-widget-container\">\n\t\t\t\t\t<h5 class=\"elementor-heading-title elementor-size-default\">Posizioni di lavorazione<\/h5>\t\t\t\t<\/div>\n\t\t\t\t<\/div>\n\t\t\t\t\t<\/div>\n\t\t<\/div>\n\t\t\t\t\t<\/div>\n\t\t<\/section>\n\t\t\t\t<section class=\"elementor-section elementor-inner-section elementor-element elementor-element-88a95f6 elementor-section-height-default elementor-section-boxed elementor-section-height-default\" data-id=\"88a95f6\" data-element_type=\"section\" data-e-type=\"section\">\n\t\t\t\t\t\t<div class=\"elementor-container elementor-column-gap-no\">\n\t\t\t\t\t<div class=\"elementor-column elementor-col-33 elementor-top-column elementor-element elementor-element-6b82be4\" data-id=\"6b82be4\" data-element_type=\"column\" data-e-type=\"column\">\n\t\t\t<div class=\"elementor-widget-wrap elementor-element-populated\">\n\t\t\t\t\t\t<div class=\"elementor-element elementor-element-12e6f5e elementor-widget elementor-widget-image\" data-id=\"12e6f5e\" data-element_type=\"widget\" data-e-type=\"widget\" data-widget_type=\"image.default\">\n\t\t\t\t<div class=\"elementor-widget-container\">\n\t\t\t\t\t\t\t\t\t\t\t\t\t\t\t<img decoding=\"async\" src=\"https:\/\/de.meviy.misumi-ec.com\/help\/wp-content\/uploads\/2025\/11\/mpb_02_CMN_A-768x299.png\" title=\"\" alt=\"\" loading=\"lazy\" \/>\t\t\t\t\t\t\t\t\t\t\t\t\t\t\t<\/div>\n\t\t\t\t<\/div>\n\t\t\t\t\t<\/div>\n\t\t<\/div>\n\t\t\t\t<div class=\"elementor-column elementor-col-66 elementor-top-column elementor-element elementor-element-d4b46d5\" data-id=\"d4b46d5\" data-element_type=\"column\" data-e-type=\"column\">\n\t\t\t<div class=\"elementor-widget-wrap elementor-element-populated\">\n\t\t\t\t\t\t<div class=\"elementor-element elementor-element-cf9f201 elementor-widget elementor-widget-text-editor\" data-id=\"cf9f201\" data-element_type=\"widget\" data-e-type=\"widget\" data-widget_type=\"text-editor.default\">\n\t\t\t\t<div class=\"elementor-widget-container\">\n\t\t\t\t\t\t\t\t\t<ul><li>La lavorazione \u00e8 possibile in sei direzioni perpendicolari\/parallele alla faccia del materiale del corpo rettangolare, nonch\u00e9 per fori inclinati.<\/li><li><a href=\"\/help\/it\/technical_info-it-c\/mpb_shape-material-it-c\/39945\/\">Forme preventivabili<\/a><\/li><\/ul>\t\t\t\t\t\t\t\t<\/div>\n\t\t\t\t<\/div>\n\t\t\t\t\t<\/div>\n\t\t<\/div>\n\t\t\t\t\t<\/div>\n\t\t<\/section>\n\t\t\t\t<\/div>\n\t\t","protected":false},"excerpt":{"rendered":"<p>Il servizio di taglio \u00e8 un servizio standardizzato per parti che possono essere lavorate con una fresatrice a tre assi. Puoi ottenere automaticamente preventivi per pezzi lavorati semplicemente caricando i dati 3D CAD. Materiali e Trattamenti Superficiali Clicca qui per tutte le misure e le dimensioni. Materiali Trattamenti Superficiali Acciaio EN 1.0038 equiv.EN 1.0038 equiv. (barra piatta)EN 1.0038 equiv. (materiale ricotto) EN 1.1206 equiv.**EN 1.1206 equiv. (20-34 HRC) *EN 1.7220 equiv. (26-32 HRC)**EN 1.1191 equiv. (barra piatta)EN 1.1191 equiv. **EN 1.2510 equiv.EN 1.1545 equiv. NessunoOssidazione neraNichel chimico (senza elettrolisi)Cromatura duraCromato trivalente (trasparente, nera)Trattamento superficiale LTBCFosfatazione (Manganese)Nitrurazione Acciaio pre-temprato NAK55 equiv.EN 1.2379 equiv.**DC53 \u00ae (Daido)** &#8211; Alluminio EN AW-2017 equiv.EN AW-5052 [&hellip;]<\/p>\n","protected":false},"author":15,"featured_media":0,"parent":39643,"menu_order":0,"comment_status":"closed","ping_status":"closed","template":"page_technical_info.php","meta":{"footnotes":""},"class_list":["post-39641","page","type-page","status-publish","hentry"],"_links":{"self":[{"href":"https:\/\/de.meviy.misumi-ec.com\/help\/it\/wp-json\/wp\/v2\/pages\/39641","targetHints":{"allow":["GET"]}}],"collection":[{"href":"https:\/\/de.meviy.misumi-ec.com\/help\/it\/wp-json\/wp\/v2\/pages"}],"about":[{"href":"https:\/\/de.meviy.misumi-ec.com\/help\/it\/wp-json\/wp\/v2\/types\/page"}],"author":[{"embeddable":true,"href":"https:\/\/de.meviy.misumi-ec.com\/help\/it\/wp-json\/wp\/v2\/users\/15"}],"replies":[{"embeddable":true,"href":"https:\/\/de.meviy.misumi-ec.com\/help\/it\/wp-json\/wp\/v2\/comments?post=39641"}],"version-history":[{"count":27,"href":"https:\/\/de.meviy.misumi-ec.com\/help\/it\/wp-json\/wp\/v2\/pages\/39641\/revisions"}],"predecessor-version":[{"id":87200,"href":"https:\/\/de.meviy.misumi-ec.com\/help\/it\/wp-json\/wp\/v2\/pages\/39641\/revisions\/87200"}],"up":[{"embeddable":true,"href":"https:\/\/de.meviy.misumi-ec.com\/help\/it\/wp-json\/wp\/v2\/pages\/39643"}],"wp:attachment":[{"href":"https:\/\/de.meviy.misumi-ec.com\/help\/it\/wp-json\/wp\/v2\/media?parent=39641"}],"curies":[{"name":"wp","href":"https:\/\/api.w.org\/{rel}","templated":true}]}}