{"id":40018,"date":"2023-07-12T18:23:12","date_gmt":"2023-07-12T09:23:12","guid":{"rendered":"https:\/\/de.meviy.misumi-ec.com\/help\/tup_conditions-en\/"},"modified":"2025-08-01T14:58:19","modified_gmt":"2025-08-01T05:58:19","slug":"tup_conditions-pl","status":"publish","type":"page","link":"https:\/\/de.meviy.misumi-ec.com\/help\/pl\/technical_info-pl\/tup_conditions-pl\/","title":{"rendered":"Dok\u0142adno\u015b\u0107 i specyfikacje obr\u00f3bki"},"content":{"rendered":"","protected":false},"excerpt":{"rendered":"","protected":false},"author":15,"featured_media":0,"parent":40029,"menu_order":0,"comment_status":"closed","ping_status":"closed","template":"page_technical_info.php","meta":{"footnotes":""},"class_list":["post-40018","page","type-page","status-publish","hentry"],"_links":{"self":[{"href":"https:\/\/de.meviy.misumi-ec.com\/help\/pl\/wp-json\/wp\/v2\/pages\/40018","targetHints":{"allow":["GET"]}}],"collection":[{"href":"https:\/\/de.meviy.misumi-ec.com\/help\/pl\/wp-json\/wp\/v2\/pages"}],"about":[{"href":"https:\/\/de.meviy.misumi-ec.com\/help\/pl\/wp-json\/wp\/v2\/types\/page"}],"author":[{"embeddable":true,"href":"https:\/\/de.meviy.misumi-ec.com\/help\/pl\/wp-json\/wp\/v2\/users\/15"}],"replies":[{"embeddable":true,"href":"https:\/\/de.meviy.misumi-ec.com\/help\/pl\/wp-json\/wp\/v2\/comments?post=40018"}],"version-history":[{"count":2,"href":"https:\/\/de.meviy.misumi-ec.com\/help\/pl\/wp-json\/wp\/v2\/pages\/40018\/revisions"}],"predecessor-version":[{"id":60907,"href":"https:\/\/de.meviy.misumi-ec.com\/help\/pl\/wp-json\/wp\/v2\/pages\/40018\/revisions\/60907"}],"up":[{"embeddable":true,"href":"https:\/\/de.meviy.misumi-ec.com\/help\/pl\/wp-json\/wp\/v2\/pages\/40029"}],"wp:attachment":[{"href":"https:\/\/de.meviy.misumi-ec.com\/help\/pl\/wp-json\/wp\/v2\/media?parent=40018"}],"curies":[{"name":"wp","href":"https:\/\/api.w.org\/{rel}","templated":true}]}}