{"id":40027,"date":"2021-01-08T12:27:01","date_gmt":"2021-01-08T03:27:01","guid":{"rendered":"https:\/\/de.meviy.misumi-ec.com\/help\/mpb-en\/"},"modified":"2025-11-26T22:55:21","modified_gmt":"2025-11-26T13:55:21","slug":"mpb-pl","status":"publish","type":"page","link":"https:\/\/de.meviy.misumi-ec.com\/help\/pl\/technical_info-pl\/mpb-pl\/","title":{"rendered":"Obrobiona p\u0142yta"},"content":{"rendered":"\t\t<div data-elementor-type=\"wp-page\" data-elementor-id=\"40027\" class=\"elementor elementor-40027 elementor-9510\">\n\t\t\t\t\t\t<section class=\"elementor-section elementor-inner-section elementor-element elementor-element-44a7568 elementor-section-height-default elementor-section-boxed elementor-section-height-default\" data-id=\"44a7568\" data-element_type=\"section\" data-e-type=\"section\">\n\t\t\t\t\t\t<div class=\"elementor-container elementor-column-gap-default\">\n\t\t\t\t\t<div class=\"elementor-column elementor-col-100 elementor-top-column elementor-element elementor-element-a29944c\" data-id=\"a29944c\" data-element_type=\"column\" data-e-type=\"column\">\n\t\t\t<div class=\"elementor-widget-wrap elementor-element-populated\">\n\t\t\t\t\t\t<div class=\"elementor-element elementor-element-a4ee7c8 elementor-widget elementor-widget-text-editor\" data-id=\"a4ee7c8\" data-element_type=\"widget\" data-e-type=\"widget\" data-widget_type=\"text-editor.default\">\n\t\t\t\t<div class=\"elementor-widget-container\">\n\t\t\t\t\t\t\t\t\tUs\u0142uga frezowania jest us\u0142ug\u0105 standaryzowan\u0105 dla cz\u0119\u015bci, kt\u00f3re mo\u017cna obrabia\u0107 na frezarce trzyosiowej.<br> \nWyceny cz\u0119\u015bci frezowanych otrzymasz automatycznie po przes\u0142aniu danych 3D CAD.\t\t\t\t\t\t\t\t<\/div>\n\t\t\t\t<\/div>\n\t\t\t\t\t<\/div>\n\t\t<\/div>\n\t\t\t\t\t<\/div>\n\t\t<\/section>\n\t\t\t\t<section class=\"elementor-section elementor-inner-section elementor-element elementor-element-056a0a0 elementor-section-height-default elementor-section-boxed elementor-section-height-default\" data-id=\"056a0a0\" data-element_type=\"section\" data-e-type=\"section\">\n\t\t\t\t\t\t<div class=\"elementor-container elementor-column-gap-default\">\n\t\t\t\t\t<div class=\"elementor-column elementor-col-100 elementor-top-column elementor-element elementor-element-6ff65b9\" data-id=\"6ff65b9\" data-element_type=\"column\" data-e-type=\"column\">\n\t\t\t<div class=\"elementor-widget-wrap elementor-element-populated\">\n\t\t\t\t\t\t<div class=\"elementor-element elementor-element-1579d0f elementor-widget elementor-widget-heading\" data-id=\"1579d0f\" data-element_type=\"widget\" data-e-type=\"widget\" data-widget_type=\"heading.default\">\n\t\t\t\t<div class=\"elementor-widget-container\">\n\t\t\t\t\t<h2 class=\"elementor-heading-title elementor-size-default\">Materia\u0142y i obr\u00f3bki powierzchniowe<\/h2>\t\t\t\t<\/div>\n\t\t\t\t<\/div>\n\t\t\t\t<div class=\"elementor-element elementor-element-a68e0db elementor-widget elementor-widget-text-editor\" data-id=\"a68e0db\" data-element_type=\"widget\" data-e-type=\"widget\" data-widget_type=\"text-editor.default\">\n\t\t\t\t<div class=\"elementor-widget-container\">\n\t\t\t\t\t\t\t\t\tKliknij <a href=\"https:\/\/de.meviy.misumi-ec.com\/help\/pl\/technical_info-pl-c\/mpb_shape-material-pl-c\/40357\/\">tutaj<\/a>, aby zobaczy\u0107 wszystkie rozmiary i wymiary.\n\t\t\t\t\t\t\t\t<\/div>\n\t\t\t\t<\/div>\n\t\t\t\t<div class=\"elementor-element elementor-element-43206fe tblBasic elementor-widget elementor-widget-text-editor\" data-id=\"43206fe\" data-element_type=\"widget\" data-e-type=\"widget\" data-widget_type=\"text-editor.default\">\n\t\t\t\t<div class=\"elementor-widget-container\">\n\t\t\t\t\t\t\t\t\t<div class=\"print_block\">\n<div class=\"tableStickyHead\">\n<table class=\"tableHover_single\">\n<thead>\n<tr style=\"height: 50px;\">\n<th style=\"width: 65%;\" colspan=\"2\">Materia\u0142<\/th>\n<th style=\"width: 35%;\">Obr\u00f3bka powierzchniowa<\/th>\n<\/tr>\n<\/thead>\n<\/table>\n<\/div>\n<table class=\"tableHover_single mT0\">\n<tbody>\n<tr style=\"height: 150px;\">\n<th style=\"width: 32.5%;\">Stal<\/th>\n<td style=\"width: 32.5%;\">EN 1.0038 equiv.<br>\nEN 1.0038 equiv. (Flat bar)<br>\nEN 1.0038 equiv. (annealed material)<br>\nEN 1.1206 equiv.**<br>\nEN 1.1206 equiv. (20-34 HRC) *<br>\nEN 1.7220 equiv. (26-32 HRC)**<br>\nEN 1.1191 equiv. (Flat bar)<br>\nEN 1.1191 equiv.**<br>\nEN 1.2510 equiv.<br>\nEN 1.1545 equiv.<\/td>\n<td style=\"width: 35%;\">\n<p style=\"text-align: center;\">Brak<br>\nCzernienie<br>\nNiklowanie bezpr\u0105dowe<br>\nChrom twardy<br>\nChromian tr\u00f3jwarto\u015bciowy (Clear, Black)<br>\nLTBC \u2013 Obr\u00f3bka powierzchniowa<br>\nFosforanowanie (manganowe)<br>\nAzotowanie<\/p>\n<\/td>\n<\/tr>\n<tr style=\"height: 150px;\">\n<th>Stal wst\u0119pnie utwardzona<\/th>\n<td>NAK55 equiv.<br>\nEN 1.2379 equiv.**<br>\nDC53 \u00ae (Daido)**<\/td>\n<td>\n<p style=\"text-align: center;\">&#8211;<\/p>\n<\/td>\n<\/tr>\n<tr style=\"height: 150px;\">\n<th>Aluminium<\/th>\n<td>EN AW-2017 equiv.<br>\nEN AW-5052 equiv.<br>\nEN AW-5083 equiv.<br>\nEN AW-6061 equiv.<br>\nEN AW-6063 equiv. (Flat bar)<br>\nEN AW-7075 equiv.<\/td>\n<td>\n<p style=\"text-align: center;\">Anodowanie (przezroczyste, czarne, matowe czarne, czerwone, z\u0142ote) <br>Anodowanie twarde (przezroczyste, matowe przezroczyste)<br>\nNiklowanie bezpr\u0105dowe<\/p>\n<\/td>\n<\/tr>\n<tr style=\"height: 150px;\">\n<th>Stal nierdzewna<\/th>\n<td>EN 1.4305 equiv.<br>\nEN 1.4305 equiv. (annealed material)<br>\nEN 1.4301 equiv.<br>\nEN 1.4301 equiv. (annealed material)<br>\nEN 1.4401 equiv.<br>\nEN 1.4016 equiv.<br>\nEN 1.4404 equiv.<\/td>\n<td>\n<p style=\"text-align: center;\">&#8211;<\/p>\n<\/td>\n<\/tr>\n<tr style=\"height: 150px;\">\n<th>Tworzywa sztuczne<\/th>\n<td>POM (Acetal, Standard, bia\u0142y)<br>\nPOM (Acetal, Standard, czarny)<br>\nMC Nylon (Standard, niebieski)<br>\nMC Nylon (Standard, ko\u015b\u0107 s\u0142oniowa)<br>\nMC Nylon (przewodz\u0105cy, czarny)<br>\nMC Nylon (antystatyczny, czarny)<br>\nMC Nylon (odporny na warunki atmosferyczne, czarny popiel)<br>\nBakelit (papier, kolor naturalny)<br>\nBakelit (papier, czarny)<br>\nBakelit (tkanina, kolor naturalny)<br>\nFluoropolimer PTFE (Standard, bia\u0142y)<br>UHMWPE (Standard, bia\u0142y)<br>\nUHMWPE (przewodz\u0105cy, czarny)<br>\nABS (Standard, kolor naturalny)<br>\nPEEK (Standard, szaro-br\u0105zowy)<br>\nPP (Standard, bia\u0142y)<br>\nPET (wzmocniony w\u0142\u00f3knem szklanym, br\u0105zowy)<br>\nPPS (Standard, kolor naturalny)<\/td>\n<td>\n<p style=\"text-align: center;\">&#8211;<\/p>\n<\/td>\n<\/tr>\n<tr style=\"height: 100px; background-color: #f5f5f5;\">\n<th style=\"width: 26%; text-align: center;\">Mied\u017a i mosi\u0105dz<\/th>\n<td style=\"width: 28%; text-align: center; background-color: #ffffff;\">EN CW004A equiv. (beztlenowa)<br>\nEN CW008A equiv. (ETP)<br>\nEN CW509L equiv. (mosi\u0105dz)<br>\nEN CW614N equiv.<\/td>\n<td style=\"width: 46%; text-align: center; background-color: #ffffff;\">&#8211;<\/td>\n<\/tr>\n<\/tbody>\n<\/table>\n<\/div>\t\t\t\t\t\t\t\t<\/div>\n\t\t\t\t<\/div>\n\t\t\t\t<div class=\"elementor-element elementor-element-efcbea1 elementor-widget elementor-widget-text-editor\" data-id=\"efcbea1\" data-element_type=\"widget\" data-e-type=\"widget\" data-widget_type=\"text-editor.default\">\n\t\t\t\t<div class=\"elementor-widget-container\">\n\t\t\t\t\t\t\t\t\t*Warto\u015b\u0107 orientacyjna<br>\n** Dost\u0119pne do obr\u00f3bki cieplnej \n\t\t\t\t\t\t\t\t<\/div>\n\t\t\t\t<\/div>\n\t\t\t\t<div class=\"elementor-element elementor-element-40a8d1d elementor-widget elementor-widget-text-editor\" data-id=\"40a8d1d\" data-element_type=\"widget\" data-e-type=\"widget\" data-widget_type=\"text-editor.default\">\n\t\t\t\t<div class=\"elementor-widget-container\">\n\t\t\t\t\t\t\t\t\tKliknij <a href=\"https:\/\/de.meviy.misumi-ec.com\/help\/pl\/technical_info-pl-c\/mpb_shape-material-pl-c\/58565\/\">tutaj<\/a>, aby uzyska\u0107 wi\u0119cej informacji na temat w\u0142a\u015bciwo\u015bci mechanicznych, takich jak wytrzyma\u0142o\u015b\u0107 na rozci\u0105ganie, granica plastyczno\u015bci i inne parametry.<br>\nKliknij <a href=\"https:\/\/de.meviy.misumi-ec.com\/help\/pl\/technical_info-pl-c\/mpb_shape-material-pl-c\/40084\/\">tutaj<\/a>, aby uzyska\u0107 wi\u0119cej szczeg\u00f3\u0142\u00f3w dotycz\u0105cych norm materia\u0142owych.\n\t\t\t\t\t\t\t\t<\/div>\n\t\t\t\t<\/div>\n\t\t\t\t\t<\/div>\n\t\t<\/div>\n\t\t\t\t\t<\/div>\n\t\t<\/section>\n\t\t\t\t<section class=\"elementor-section elementor-inner-section elementor-element elementor-element-4a9295c elementor-section-height-default elementor-section-boxed elementor-section-height-default\" data-id=\"4a9295c\" data-element_type=\"section\" data-e-type=\"section\">\n\t\t\t\t\t\t<div class=\"elementor-container elementor-column-gap-default\">\n\t\t\t\t\t<div class=\"elementor-column elementor-col-100 elementor-top-column elementor-element elementor-element-a62aaf5\" data-id=\"a62aaf5\" data-element_type=\"column\" data-e-type=\"column\">\n\t\t\t<div class=\"elementor-widget-wrap elementor-element-populated\">\n\t\t\t\t\t\t<div class=\"elementor-element elementor-element-56aaf77 elementor-widget elementor-widget-heading\" data-id=\"56aaf77\" data-element_type=\"widget\" data-e-type=\"widget\" data-widget_type=\"heading.default\">\n\t\t\t\t<div class=\"elementor-widget-container\">\n\t\t\t\t\t<h2 class=\"elementor-heading-title elementor-size-default\">Standard dok\u0142adno\u015bci\n<\/h2>\t\t\t\t<\/div>\n\t\t\t\t<\/div>\n\t\t\t\t<div class=\"elementor-element elementor-element-679df52 tblBasic elementor-widget elementor-widget-text-editor\" data-id=\"679df52\" data-element_type=\"widget\" data-e-type=\"widget\" data-widget_type=\"text-editor.default\">\n\t\t\t\t<div class=\"elementor-widget-container\">\n\t\t\t\t\t\t\t\t\t<table class=\"tableHover_single\" style=\"width: 100%;\">\n<tbody>\n<tr>\n<th width=\"30%\">Domy\u015blne og\u00f3lne standardy tolerancji<\/th>\n<td>Produkty standardowe s\u0105 zgodne z normami JIS B 0405:1991 i JIS B 0419:1991.<br>\nProdukty z kategorii International Economy mog\u0105 by\u0107 zgodne z normami JIS B 0405:1991, JIS B 0419:1991 lub GB\/T 1804-2000, GB\/T 1184-1995.<br>\nKlasa tolerancji: \u015aredni (m)<\/td>\n<\/tr>\n<tr>\n<th>Tolerancje wymiarowe<\/th>\n<td>\u00b1 0,01 lub wi\u0119cej<\/td>\n<\/tr>\n<tr>\n<th>Klasa tolerancji<\/th>\n<td>Klasa IT6 lub wy\u017csza<\/td>\n<\/tr>\n<tr>\n<th>Tolerancje geometryczne<\/th>\n<td>P\u0142asko\u015b\u0107 \/ Prostopad\u0142o\u015b\u0107 \/ R\u00f3wnoleg\u0142o\u015b\u0107 (0,02\/100 mm)<\/td>\n<\/tr>\n<tr>\n<th>Chropowato\u015b\u0107 powierzchni<\/th>\n<td>Ra 0.4, 0.8, 1.6, 3.2, 6.3<\/td>\n<\/tr>\n<\/tbody>\n<\/table>\t\t\t\t\t\t\t\t<\/div>\n\t\t\t\t<\/div>\n\t\t\t\t<div class=\"elementor-element elementor-element-63907ca elementor-widget elementor-widget-text-editor\" data-id=\"63907ca\" data-element_type=\"widget\" data-e-type=\"widget\" data-widget_type=\"text-editor.default\">\n\t\t\t\t<div class=\"elementor-widget-container\">\n\t\t\t\t\t\t\t\t\tJednostk\u0105 jest mm, je\u015bli nie podano inaczej.<br>\n* Wymiary d\u0142ugo\u015bci bez fazowania.\n<br>\n<br>\n\nKliknij <a href=\"https:\/\/de.meviy.misumi-ec.com\/help\/pl\/technical_info-pl-c\/mpb_conditions-pl-c\/40267\/\">tutaj<\/a>, aby zapozna\u0107 si\u0119 ze szczeg\u00f3\u0142owym przegl\u0105dem standardowych tolerancji dla cz\u0119\u015bci frezowanych.\t\n\t\t\t\t\t\t\t\t<\/div>\n\t\t\t\t<\/div>\n\t\t\t\t\t<\/div>\n\t\t<\/div>\n\t\t\t\t\t<\/div>\n\t\t<\/section>\n\t\t\t\t<section class=\"elementor-section elementor-inner-section elementor-element elementor-element-3b3a927 elementor-section-height-default elementor-section-boxed elementor-section-height-default\" data-id=\"3b3a927\" data-element_type=\"section\" data-e-type=\"section\">\n\t\t\t\t\t\t<div class=\"elementor-container elementor-column-gap-default\">\n\t\t\t\t\t<div class=\"elementor-column elementor-col-100 elementor-top-column elementor-element elementor-element-e5e88f7\" data-id=\"e5e88f7\" data-element_type=\"column\" data-e-type=\"column\">\n\t\t\t<div class=\"elementor-widget-wrap elementor-element-populated\">\n\t\t\t\t\t\t<div class=\"elementor-element elementor-element-9e82628 elementor-widget elementor-widget-heading\" data-id=\"9e82628\" data-element_type=\"widget\" data-e-type=\"widget\" data-widget_type=\"heading.default\">\n\t\t\t\t<div class=\"elementor-widget-container\">\n\t\t\t\t\t<h5 class=\"elementor-heading-title elementor-size-default\">Urz\u0105dzenia do obr\u00f3bki i podstawowe informacje<\/h5>\t\t\t\t<\/div>\n\t\t\t\t<\/div>\n\t\t\t\t\t<\/div>\n\t\t<\/div>\n\t\t\t\t\t<\/div>\n\t\t<\/section>\n\t\t\t\t<section class=\"elementor-section elementor-inner-section elementor-element elementor-element-ed951b2 elementor-section-height-default elementor-section-boxed elementor-section-height-default\" data-id=\"ed951b2\" data-element_type=\"section\" data-e-type=\"section\">\n\t\t\t\t\t\t<div class=\"elementor-container elementor-column-gap-no\">\n\t\t\t\t\t<div class=\"elementor-column elementor-col-33 elementor-top-column elementor-element elementor-element-b4d73f8\" data-id=\"b4d73f8\" data-element_type=\"column\" data-e-type=\"column\">\n\t\t\t<div class=\"elementor-widget-wrap elementor-element-populated\">\n\t\t\t\t\t\t<div class=\"elementor-element elementor-element-14cf909 elementor-widget elementor-widget-image\" data-id=\"14cf909\" data-element_type=\"widget\" data-e-type=\"widget\" data-widget_type=\"image.default\">\n\t\t\t\t<div class=\"elementor-widget-container\">\n\t\t\t\t\t\t\t\t\t\t\t\t\t\t\t<img decoding=\"async\" src=\"https:\/\/de.meviy.misumi-ec.com\/help\/wp-content\/uploads\/2025\/01\/TI-Frasteil-sample.png\" title=\"\" alt=\"\" loading=\"lazy\" \/>\t\t\t\t\t\t\t\t\t\t\t\t\t\t\t<\/div>\n\t\t\t\t<\/div>\n\t\t\t\t\t<\/div>\n\t\t<\/div>\n\t\t\t\t<div class=\"elementor-column elementor-col-66 elementor-top-column elementor-element elementor-element-0e11ed5\" data-id=\"0e11ed5\" data-element_type=\"column\" data-e-type=\"column\">\n\t\t\t<div class=\"elementor-widget-wrap elementor-element-populated\">\n\t\t\t\t\t\t<div class=\"elementor-element elementor-element-962aad1 elementor-widget elementor-widget-text-editor\" data-id=\"962aad1\" data-element_type=\"widget\" data-e-type=\"widget\" data-widget_type=\"text-editor.default\">\n\t\t\t\t<div class=\"elementor-widget-container\">\n\t\t\t\t\t\t\t\t\tW zale\u017cno\u015bci od materia\u0142u i grubo\u015bci powierzchnia mo\u017ce pozosta\u0107 nieobrobiona.\n<ul class=\"lstBasic\">\n \t<li>Tolerancje wymiar\u00f3w d\u0142ugo\u015bci bez fazowania, o ile nie okre\u015blono inaczej: JIS B 0405 \u015brednie (m)<\/li>\n \t<li>Tolerancje wymiar\u00f3w fazowania, o ile nie okre\u015blono inaczej: JIS B 0405 grube (c)<\/li>\n \t<li>Modele z naro\u017cnikami wewn\u0119trznymi mniejszymi lub r\u00f3wnymi 0,5 s\u0105 wyka\u0144czane z tolerancj\u0105 C0,1 mm do 0,5 lub mniej<\/li>\n \t<li>Modele z naro\u017cnikami zewn\u0119trznymi R0,5 lub mniejszymi s\u0105 wyka\u0144czane z tolerancj\u0105 R0,5 lub mniej<\/li>\n \t<li>Tolerancje wymiar\u00f3w modelu, z wy\u0142\u0105czeniem fazowania:\nJIS B 0419 K<\/li>\n \t<li>Chropowato\u015b\u0107 powierzchni, o ile nie okre\u015blono inaczej: \u221aRa6.3 [\u221aRz25]<\/li>\n<\/ul>\n<ul>\n \t<li><\/li>\n<\/ul>\t\t\t\t\t\t\t\t<\/div>\n\t\t\t\t<\/div>\n\t\t\t\t\t<\/div>\n\t\t<\/div>\n\t\t\t\t\t<\/div>\n\t\t<\/section>\n\t\t\t\t<section class=\"elementor-section elementor-inner-section elementor-element elementor-element-3073c95 elementor-section-height-default elementor-section-boxed elementor-section-height-default\" data-id=\"3073c95\" data-element_type=\"section\" data-e-type=\"section\">\n\t\t\t\t\t\t<div class=\"elementor-container elementor-column-gap-default\">\n\t\t\t\t\t<div class=\"elementor-column elementor-col-50 elementor-inner-column elementor-element elementor-element-f7dc4ca\" data-id=\"f7dc4ca\" data-element_type=\"column\" data-e-type=\"column\">\n\t\t\t<div class=\"elementor-widget-wrap elementor-element-populated\">\n\t\t\t\t\t\t<div class=\"elementor-element elementor-element-4175170 elementor-widget elementor-widget-heading\" data-id=\"4175170\" data-element_type=\"widget\" data-e-type=\"widget\" data-widget_type=\"heading.default\">\n\t\t\t\t<div class=\"elementor-widget-container\">\n\t\t\t\t\t<h2 class=\"elementor-heading-title elementor-size-default\">Rozmiar<\/h2>\t\t\t\t<\/div>\n\t\t\t\t<\/div>\n\t\t\t\t<div class=\"elementor-element elementor-element-9068524 elementor-widget elementor-widget-image\" data-id=\"9068524\" data-element_type=\"widget\" data-e-type=\"widget\" data-widget_type=\"image.default\">\n\t\t\t\t<div class=\"elementor-widget-container\">\n\t\t\t\t\t\t\t\t\t\t\t\t\t\t\t<img decoding=\"async\" src=\"https:\/\/de.meviy.misumi-ec.com\/help\/wp-content\/uploads\/2025\/11\/block-base-plate-PL-1024x640.png\" title=\"\" alt=\"\" loading=\"lazy\" \/>\t\t\t\t\t\t\t\t\t\t\t\t\t\t\t<\/div>\n\t\t\t\t<\/div>\n\t\t\t\t\t<\/div>\n\t\t<\/div>\n\t\t\t\t<div class=\"elementor-column elementor-col-50 elementor-top-column elementor-element elementor-element-8e093eb\" data-id=\"8e093eb\" data-element_type=\"column\" data-e-type=\"column\">\n\t\t\t<div class=\"elementor-widget-wrap elementor-element-populated\">\n\t\t\t\t\t\t<div class=\"elementor-element elementor-element-9058510 elementor-widget elementor-widget-heading\" data-id=\"9058510\" data-element_type=\"widget\" data-e-type=\"widget\" data-widget_type=\"heading.default\">\n\t\t\t\t<div class=\"elementor-widget-container\">\n\t\t\t\t\t<h2 class=\"elementor-heading-title elementor-size-default\">Terminy realizacji\n<\/h2>\t\t\t\t<\/div>\n\t\t\t\t<\/div>\n\t\t\t\t<div class=\"elementor-element elementor-element-3e14308 tblBasic elementor-widget elementor-widget-text-editor\" data-id=\"3e14308\" data-element_type=\"widget\" data-e-type=\"widget\" data-widget_type=\"text-editor.default\">\n\t\t\t\t<div class=\"elementor-widget-container\">\n\t\t\t\t\t\t\t\t\t<table class=\"tableHover\" style=\"width: 100%;\">\n<tbody>\n<tr>\n<th>Linia produkt\u00f3w<\/th>\n<th>Opcje<\/th>\n<th>Dni<\/th>\n<\/tr>\n<tr>\n<th rowspan=\"3\">Standard<\/th>\n<th>Rapid<\/th>\n<td>od 7 dni<\/td>\n<\/tr>\n<tr>\n<th>Express<\/th>\n<td>od 9 dni<\/td>\n<\/tr>\n<tr>\n<th>Standard<\/th>\n<td>od 11 dni<\/td>\n<\/tr>\n<tr>\n<th colspan=\"2\">International Economy<\/th>\n<td>od 17 dni<\/td>\n<\/tr>\n<\/tbody>\n<\/table>\t\t\t\t\t\t\t\t<\/div>\n\t\t\t\t<\/div>\n\t\t\t\t<div class=\"elementor-element elementor-element-a531261 elementor-widget elementor-widget-text-editor\" data-id=\"a531261\" data-element_type=\"widget\" data-e-type=\"widget\" data-widget_type=\"text-editor.default\">\n\t\t\t\t<div class=\"elementor-widget-container\">\n\t\t\t\t\t\t\t\t\tProdukty standardowe: Linia produkt\u00f3w jest zgodna ze standardami JIS.<br>\nProdukty International Economy: Linia produkt\u00f3w oferowana jest po najni\u017cszej cenie, przy jednoczesnym zachowaniu zgodno\u015bci z normami jako\u015bci.<br>\nProdukty s\u0105 zgodne z normami przemys\u0142owymi kraju produkcji.<br>\n<br>\nKliknij <a href=\"https:\/\/de.meviy.misumi-ec.com\/help\/pl\/technical_info-pl-c\/mpb_shape-material-pl-c\/40356\/\">tutaj<\/a>, aby zapozna\u0107 si\u0119 ze szczeg\u00f3\u0142owym przegl\u0105dem opcji dostawy dla cz\u0119\u015bci frezowanych.\t\t\t\t\t\t\t\t<\/div>\n\t\t\t\t<\/div>\n\t\t\t\t\t<\/div>\n\t\t<\/div>\n\t\t\t\t\t<\/div>\n\t\t<\/section>\n\t\t\t\t<section class=\"elementor-section elementor-inner-section elementor-element elementor-element-f7f786d elementor-section-height-default elementor-section-boxed elementor-section-height-default\" data-id=\"f7f786d\" data-element_type=\"section\" data-e-type=\"section\">\n\t\t\t\t\t\t<div class=\"elementor-container elementor-column-gap-default\">\n\t\t\t\t\t<div class=\"elementor-column elementor-col-100 elementor-top-column elementor-element elementor-element-6a92d07\" data-id=\"6a92d07\" data-element_type=\"column\" data-e-type=\"column\">\n\t\t\t<div class=\"elementor-widget-wrap elementor-element-populated\">\n\t\t\t\t\t\t<div class=\"elementor-element elementor-element-b7a0065 elementor-widget elementor-widget-heading\" data-id=\"b7a0065\" data-element_type=\"widget\" data-e-type=\"widget\" data-widget_type=\"heading.default\">\n\t\t\t\t<div class=\"elementor-widget-container\">\n\t\t\t\t\t<h2 class=\"elementor-heading-title elementor-size-default\">Dodatkowe funkcje<\/h2>\t\t\t\t<\/div>\n\t\t\t\t<\/div>\n\t\t\t\t<div class=\"elementor-element elementor-element-18895b8 tblBasic elementor-widget elementor-widget-text-editor\" data-id=\"18895b8\" data-element_type=\"widget\" data-e-type=\"widget\" data-widget_type=\"text-editor.default\">\n\t\t\t\t<div class=\"elementor-widget-container\">\n\t\t\t\t\t\t\t\t\t<table class=\"tableHover_single\" style=\"width: 100%;\"><tbody><tr><th width=\"30%\">Grawerowanie<\/th><td>3 mm \u2013 30 mm, znaki alfanumeryczne + wybrane symbole, numer cz\u0119\u015bci mo\u017cliwy do wygrawerowania<\/td><\/tr><tr><th>Obr\u00f3bka cieplna<\/th><td>Hartowanie konwencjonalne \/ pr\u00f3\u017cniowe (30 \u2013 63 HRC)<\/td><\/tr><tr><th>Otwory gwintowane<\/th><td>M2 \u2013 M36, UNC \/ UNF, sto\u017ckowe, z tulej\u0105 gwintowan\u0105<\/td><\/tr><\/tbody><\/table>\t\t\t\t\t\t\t\t<\/div>\n\t\t\t\t<\/div>\n\t\t\t\t<div class=\"elementor-element elementor-element-1dc50f6 elementor-widget elementor-widget-text-editor\" data-id=\"1dc50f6\" data-element_type=\"widget\" data-e-type=\"widget\" data-widget_type=\"text-editor.default\">\n\t\t\t\t<div class=\"elementor-widget-container\">\n\t\t\t\t\t\t\t\t\tJe\u015bli automatyczna wycena nie jest dost\u0119pna dla Twojej cz\u0119\u015bci, mo\u017cesz poprosi\u0107 o <a href=\"https:\/\/de.meviy.misumi-ec.com\/help\/pl\/operation_manual-pl-c\/mpb_configuration-pl-c\/40219\/\">wycen\u0119 indywidualn\u0105<\/a> od wsparcia meviy.<br>\n\nAby uzyska\u0107 wi\u0119cej informacji na temat korzystania z meviy, kliknij <a href=\"https:\/\/de.meviy.misumi-ec.com\/help\/pl\/operation_manual-pl\/first-pl\/\">tutaj<\/a>.\t\t\t\t\t\t\t\t<\/div>\n\t\t\t\t<\/div>\n\t\t\t\t\t<\/div>\n\t\t<\/div>\n\t\t\t\t\t<\/div>\n\t\t<\/section>\n\t\t\t\t<section class=\"elementor-section elementor-inner-section elementor-element elementor-element-33efc26 elementor-section-height-default elementor-section-boxed elementor-section-height-default\" data-id=\"33efc26\" data-element_type=\"section\" data-e-type=\"section\">\n\t\t\t\t\t\t<div class=\"elementor-container elementor-column-gap-default\">\n\t\t\t\t\t<div class=\"elementor-column elementor-col-100 elementor-top-column elementor-element elementor-element-a4d9371\" data-id=\"a4d9371\" data-element_type=\"column\" data-e-type=\"column\">\n\t\t\t<div class=\"elementor-widget-wrap elementor-element-populated\">\n\t\t\t\t\t\t<div class=\"elementor-element elementor-element-491913b elementor-widget elementor-widget-heading\" data-id=\"491913b\" data-element_type=\"widget\" data-e-type=\"widget\" data-widget_type=\"heading.default\">\n\t\t\t\t<div class=\"elementor-widget-container\">\n\t\t\t\t\t<h5 class=\"elementor-heading-title elementor-size-default\">Pozycje obr\u00f3bki<\/h5>\t\t\t\t<\/div>\n\t\t\t\t<\/div>\n\t\t\t\t\t<\/div>\n\t\t<\/div>\n\t\t\t\t\t<\/div>\n\t\t<\/section>\n\t\t\t\t<section class=\"elementor-section elementor-inner-section elementor-element elementor-element-b82f26a elementor-section-height-default elementor-section-boxed elementor-section-height-default\" data-id=\"b82f26a\" data-element_type=\"section\" data-e-type=\"section\">\n\t\t\t\t\t\t<div class=\"elementor-container elementor-column-gap-no\">\n\t\t\t\t\t<div class=\"elementor-column elementor-col-33 elementor-top-column elementor-element elementor-element-dc07585\" data-id=\"dc07585\" data-element_type=\"column\" data-e-type=\"column\">\n\t\t\t<div class=\"elementor-widget-wrap elementor-element-populated\">\n\t\t\t\t\t\t<div class=\"elementor-element elementor-element-5fcfb27 elementor-widget elementor-widget-image\" data-id=\"5fcfb27\" data-element_type=\"widget\" data-e-type=\"widget\" data-widget_type=\"image.default\">\n\t\t\t\t<div class=\"elementor-widget-container\">\n\t\t\t\t\t\t\t\t\t\t\t\t\t\t\t<img decoding=\"async\" src=\"https:\/\/de.meviy.misumi-ec.com\/help\/wp-content\/uploads\/2025\/11\/mpb_02_CMN_A-768x299.png\" title=\"\" alt=\"\" loading=\"lazy\" \/>\t\t\t\t\t\t\t\t\t\t\t\t\t\t\t<\/div>\n\t\t\t\t<\/div>\n\t\t\t\t\t<\/div>\n\t\t<\/div>\n\t\t\t\t<div class=\"elementor-column elementor-col-66 elementor-top-column elementor-element elementor-element-2406014\" data-id=\"2406014\" data-element_type=\"column\" data-e-type=\"column\">\n\t\t\t<div class=\"elementor-widget-wrap elementor-element-populated\">\n\t\t\t\t\t\t<div class=\"elementor-element elementor-element-ad132fa elementor-widget elementor-widget-text-editor\" data-id=\"ad132fa\" data-element_type=\"widget\" data-e-type=\"widget\" data-widget_type=\"text-editor.default\">\n\t\t\t\t<div class=\"elementor-widget-container\">\n\t\t\t\t\t\t\t\t\t<ul>\n \t<li>Obr\u00f3bka jest mo\u017cliwa w sze\u015bciu kierunkach prostopad\u0142ych\/r\u00f3wnoleg\u0142ych do powierzchni materia\u0142u prostopad\u0142o\u015bcianu, a tak\u017ce dla otwor\u00f3w pod k\u0105tem.<\/li>\n \t<li>\n<a href=\"\/help\/pl\/technical_info-pl-c\/mpb_shape-material-pl-c\/40359\/\">Cytowane kszta\u0142ty<\/a><\/li>\n<\/ul>\t\t\t\t\t\t\t\t<\/div>\n\t\t\t\t<\/div>\n\t\t\t\t\t<\/div>\n\t\t<\/div>\n\t\t\t\t\t<\/div>\n\t\t<\/section>\n\t\t\t\t<\/div>\n\t\t","protected":false},"excerpt":{"rendered":"<p>Us\u0142uga frezowania jest us\u0142ug\u0105 standaryzowan\u0105 dla cz\u0119\u015bci, kt\u00f3re mo\u017cna obrabia\u0107 na frezarce trzyosiowej. Wyceny cz\u0119\u015bci frezowanych otrzymasz automatycznie po przes\u0142aniu danych 3D CAD. Materia\u0142y i obr\u00f3bki powierzchniowe Kliknij tutaj, aby zobaczy\u0107 wszystkie rozmiary i wymiary. Materia\u0142 Obr\u00f3bka powierzchniowa Stal EN 1.0038 equiv. EN 1.0038 equiv. (Flat bar) EN 1.0038 equiv. (annealed material) EN 1.1206 equiv.** EN 1.1206 equiv. (20-34 HRC) * EN 1.7220 equiv. (26-32 HRC)** EN 1.1191 equiv. (Flat bar) EN 1.1191 equiv.** EN 1.2510 equiv. EN 1.1545 equiv. Brak Czernienie Niklowanie bezpr\u0105dowe Chrom twardy Chromian tr\u00f3jwarto\u015bciowy (Clear, Black) LTBC \u2013 Obr\u00f3bka powierzchniowa Fosforanowanie (manganowe) Azotowanie Stal wst\u0119pnie utwardzona NAK55 equiv. EN 1.2379 equiv.** DC53 \u00ae (Daido)** &#8211; Aluminium [&hellip;]<\/p>\n","protected":false},"author":15,"featured_media":0,"parent":40029,"menu_order":0,"comment_status":"closed","ping_status":"closed","template":"page_technical_info.php","meta":{"footnotes":""},"class_list":["post-40027","page","type-page","status-publish","hentry"],"_links":{"self":[{"href":"https:\/\/de.meviy.misumi-ec.com\/help\/pl\/wp-json\/wp\/v2\/pages\/40027","targetHints":{"allow":["GET"]}}],"collection":[{"href":"https:\/\/de.meviy.misumi-ec.com\/help\/pl\/wp-json\/wp\/v2\/pages"}],"about":[{"href":"https:\/\/de.meviy.misumi-ec.com\/help\/pl\/wp-json\/wp\/v2\/types\/page"}],"author":[{"embeddable":true,"href":"https:\/\/de.meviy.misumi-ec.com\/help\/pl\/wp-json\/wp\/v2\/users\/15"}],"replies":[{"embeddable":true,"href":"https:\/\/de.meviy.misumi-ec.com\/help\/pl\/wp-json\/wp\/v2\/comments?post=40027"}],"version-history":[{"count":31,"href":"https:\/\/de.meviy.misumi-ec.com\/help\/pl\/wp-json\/wp\/v2\/pages\/40027\/revisions"}],"predecessor-version":[{"id":87201,"href":"https:\/\/de.meviy.misumi-ec.com\/help\/pl\/wp-json\/wp\/v2\/pages\/40027\/revisions\/87201"}],"up":[{"embeddable":true,"href":"https:\/\/de.meviy.misumi-ec.com\/help\/pl\/wp-json\/wp\/v2\/pages\/40029"}],"wp:attachment":[{"href":"https:\/\/de.meviy.misumi-ec.com\/help\/pl\/wp-json\/wp\/v2\/media?parent=40027"}],"curies":[{"name":"wp","href":"https:\/\/api.w.org\/{rel}","templated":true}]}}