{"id":40033,"date":"2020-03-10T12:32:37","date_gmt":"2020-03-10T03:32:37","guid":{"rendered":"https:\/\/de.meviy.misumi-ec.com\/help\/technical_info-en\/mpb_conditions-en\/"},"modified":"2025-08-01T14:58:14","modified_gmt":"2025-08-01T05:58:14","slug":"mpb_conditions-pl","status":"publish","type":"page","link":"https:\/\/de.meviy.misumi-ec.com\/help\/pl\/technical_info-pl\/mpb_conditions-pl\/","title":{"rendered":"Dok\u0142adno\u015b\u0107 i specyfikacje obr\u00f3bki"},"content":{"rendered":"\t\t<div data-elementor-type=\"wp-page\" data-elementor-id=\"40033\" class=\"elementor elementor-40033 elementor-9536\">\n\t\t\t\t\t\t<section class=\"elementor-section elementor-top-section elementor-element elementor-element-2d36c43 elementor-section-boxed elementor-section-height-default elementor-section-height-default\" data-id=\"2d36c43\" data-element_type=\"section\" data-e-type=\"section\">\n\t\t\t\t\t\t<div class=\"elementor-container elementor-column-gap-default\">\n\t\t\t\t\t<div class=\"elementor-column elementor-col-100 elementor-top-column elementor-element elementor-element-8e2c854\" data-id=\"8e2c854\" data-element_type=\"column\" data-e-type=\"column\">\n\t\t\t<div class=\"elementor-widget-wrap\">\n\t\t\t\t\t\t\t<\/div>\n\t\t<\/div>\n\t\t\t\t\t<\/div>\n\t\t<\/section>\n\t\t\t\t<\/div>\n\t\t","protected":false},"excerpt":{"rendered":"","protected":false},"author":15,"featured_media":0,"parent":40029,"menu_order":0,"comment_status":"closed","ping_status":"closed","template":"page_technical_info.php","meta":{"footnotes":""},"class_list":["post-40033","page","type-page","status-publish","hentry"],"_links":{"self":[{"href":"https:\/\/de.meviy.misumi-ec.com\/help\/pl\/wp-json\/wp\/v2\/pages\/40033","targetHints":{"allow":["GET"]}}],"collection":[{"href":"https:\/\/de.meviy.misumi-ec.com\/help\/pl\/wp-json\/wp\/v2\/pages"}],"about":[{"href":"https:\/\/de.meviy.misumi-ec.com\/help\/pl\/wp-json\/wp\/v2\/types\/page"}],"author":[{"embeddable":true,"href":"https:\/\/de.meviy.misumi-ec.com\/help\/pl\/wp-json\/wp\/v2\/users\/15"}],"replies":[{"embeddable":true,"href":"https:\/\/de.meviy.misumi-ec.com\/help\/pl\/wp-json\/wp\/v2\/comments?post=40033"}],"version-history":[{"count":2,"href":"https:\/\/de.meviy.misumi-ec.com\/help\/pl\/wp-json\/wp\/v2\/pages\/40033\/revisions"}],"predecessor-version":[{"id":60906,"href":"https:\/\/de.meviy.misumi-ec.com\/help\/pl\/wp-json\/wp\/v2\/pages\/40033\/revisions\/60906"}],"up":[{"embeddable":true,"href":"https:\/\/de.meviy.misumi-ec.com\/help\/pl\/wp-json\/wp\/v2\/pages\/40029"}],"wp:attachment":[{"href":"https:\/\/de.meviy.misumi-ec.com\/help\/pl\/wp-json\/wp\/v2\/media?parent=40033"}],"curies":[{"name":"wp","href":"https:\/\/api.w.org\/{rel}","templated":true}]}}