{"id":40038,"date":"2020-03-06T12:52:23","date_gmt":"2020-03-06T03:52:23","guid":{"rendered":"https:\/\/de.meviy.misumi-ec.com\/help\/technical_info-en\/mpb_guideline-en\/"},"modified":"2025-08-01T14:53:40","modified_gmt":"2025-08-01T05:53:40","slug":"mpb_guideline-pl","status":"publish","type":"page","link":"https:\/\/de.meviy.misumi-ec.com\/help\/pl\/technical_info-pl\/mpb_guideline-pl\/","title":{"rendered":"Wytyczne dotycz\u0105ce projektowania"},"content":{"rendered":"\t\t<div data-elementor-type=\"wp-page\" data-elementor-id=\"40038\" class=\"elementor elementor-40038 elementor-9548\">\n\t\t\t\t\t\t<section class=\"elementor-section elementor-top-section elementor-element elementor-element-21f4545 elementor-section-boxed elementor-section-height-default elementor-section-height-default\" data-id=\"21f4545\" data-element_type=\"section\" data-e-type=\"section\">\n\t\t\t\t\t\t<div class=\"elementor-container elementor-column-gap-default\">\n\t\t\t\t\t<div class=\"elementor-column elementor-col-100 elementor-top-column elementor-element elementor-element-a6764e2\" data-id=\"a6764e2\" data-element_type=\"column\" data-e-type=\"column\">\n\t\t\t<div class=\"elementor-widget-wrap elementor-element-populated\">\n\t\t\t\t\t\t<div class=\"elementor-element elementor-element-bd30c47 elementor-widget elementor-widget-text-editor\" data-id=\"bd30c47\" data-element_type=\"widget\" data-e-type=\"widget\" data-widget_type=\"text-editor.default\">\n\t\t\t\t<div class=\"elementor-widget-container\">\n\t\t\t\t\t\t\t\t\tDane CAD 3D przesy\u0142ane do serwisu ci\u0119cia powinny by\u0107 modelowane zgodnie z wytycznymi opisanymi w niniejszym rozdziale.\t\t\t\t\t\t\t\t<\/div>\n\t\t\t\t<\/div>\n\t\t\t\t\t<\/div>\n\t\t<\/div>\n\t\t\t\t\t<\/div>\n\t\t<\/section>\n\t\t\t\t<\/div>\n\t\t","protected":false},"excerpt":{"rendered":"<p>Dane CAD 3D przesy\u0142ane do serwisu ci\u0119cia powinny by\u0107 modelowane zgodnie z wytycznymi opisanymi w niniejszym rozdziale.<\/p>\n","protected":false},"author":15,"featured_media":0,"parent":40029,"menu_order":0,"comment_status":"closed","ping_status":"closed","template":"page_technical_info.php","meta":{"footnotes":""},"class_list":["post-40038","page","type-page","status-publish","hentry"],"_links":{"self":[{"href":"https:\/\/de.meviy.misumi-ec.com\/help\/pl\/wp-json\/wp\/v2\/pages\/40038","targetHints":{"allow":["GET"]}}],"collection":[{"href":"https:\/\/de.meviy.misumi-ec.com\/help\/pl\/wp-json\/wp\/v2\/pages"}],"about":[{"href":"https:\/\/de.meviy.misumi-ec.com\/help\/pl\/wp-json\/wp\/v2\/types\/page"}],"author":[{"embeddable":true,"href":"https:\/\/de.meviy.misumi-ec.com\/help\/pl\/wp-json\/wp\/v2\/users\/15"}],"replies":[{"embeddable":true,"href":"https:\/\/de.meviy.misumi-ec.com\/help\/pl\/wp-json\/wp\/v2\/comments?post=40038"}],"version-history":[{"count":7,"href":"https:\/\/de.meviy.misumi-ec.com\/help\/pl\/wp-json\/wp\/v2\/pages\/40038\/revisions"}],"predecessor-version":[{"id":60894,"href":"https:\/\/de.meviy.misumi-ec.com\/help\/pl\/wp-json\/wp\/v2\/pages\/40038\/revisions\/60894"}],"up":[{"embeddable":true,"href":"https:\/\/de.meviy.misumi-ec.com\/help\/pl\/wp-json\/wp\/v2\/pages\/40029"}],"wp:attachment":[{"href":"https:\/\/de.meviy.misumi-ec.com\/help\/pl\/wp-json\/wp\/v2\/media?parent=40038"}],"curies":[{"name":"wp","href":"https:\/\/api.w.org\/{rel}","templated":true}]}}